{"id":15,"date":"2024-08-20T16:11:14","date_gmt":"2024-08-20T16:11:14","guid":{"rendered":"http:\/\/localhost:10169\/?page_id=15"},"modified":"2026-01-15T15:54:38","modified_gmt":"2026-01-15T15:54:38","slug":"handler","status":"publish","type":"page","link":"https:\/\/cantierirenier.com\/de\/dealer\/","title":{"rendered":"H\u00e4ndler"},"content":{"rendered":"<div class=\"gb-container gb-container-b965d2d7\">\n<div class=\"gb-grid-wrapper gb-grid-wrapper-8fd56929\">\n<div class=\"gb-grid-column gb-grid-column-a6e046f4\"><div class=\"gb-container gb-container-a6e046f4\">\n<div class=\"gb-container gb-container-ab58777e\">\n\n<h2 class=\"wp-block-heading\"><strong>Unsere H\u00e4ndler<\/strong><\/h2>\n\n<\/div>\n\n\n<p>Unsere H\u00e4ndler sind echte Liebhaber des Meeres und teilen die Vision und das Design der Werft. <\/p>\n\n\n\n<p>Mit Geschick und Leidenschaft, als ob Sie auf der Baustelle w\u00e4ren, interpretieren sie Ihre W\u00fcnsche und machen jedes Boot exklusiv und pers\u00f6nlich.<\/p>\n\n\n\n<p>Il nostro network, in continua espansione, \u00e8 gi\u00e0 presente nei mercati chiave, dove il brand si \u00e8 affermato anche grazie a coloro che hanno creduto nel progetto e ne condividono la passione.<\/p>\n\n<\/div><\/div>\n\n<div class=\"gb-grid-column gb-grid-column-c5f4e24d\"><div class=\"gb-container gb-container-c5f4e24d image-container\">\n\n<figure class=\"wp-block-image size-large\"><img loading=\"lazy\" decoding=\"async\" width=\"1024\" height=\"768\" src=\"https:\/\/cantierirenier.com\/wp-content\/uploads\/2025\/09\/DJI_20250617094244_0082_D-1024x768.jpg\" alt=\"\" class=\"wp-image-69633\" srcset=\"https:\/\/cantierirenier.com\/wp-content\/uploads\/2025\/09\/DJI_20250617094244_0082_D-1024x768.jpg 1024w, https:\/\/cantierirenier.com\/wp-content\/uploads\/2025\/09\/DJI_20250617094244_0082_D-300x225.jpg 300w, https:\/\/cantierirenier.com\/wp-content\/uploads\/2025\/09\/DJI_20250617094244_0082_D-768x576.jpg 768w, https:\/\/cantierirenier.com\/wp-content\/uploads\/2025\/09\/DJI_20250617094244_0082_D-1536x1152.jpg 1536w, https:\/\/cantierirenier.com\/wp-content\/uploads\/2025\/09\/DJI_20250617094244_0082_D-2048x1536.jpg 2048w, https:\/\/cantierirenier.com\/wp-content\/uploads\/2025\/09\/DJI_20250617094244_0082_D-16x12.jpg 16w\" sizes=\"auto, (max-width: 1024px) 100vw, 1024px\" \/><\/figure>\n\n<\/div><\/div>\n<\/div>\n<\/div>\n\n<div class=\"gb-container gb-container-2249a438 alignwide\">\n<style>\r\n\t#wpsl-stores .wpsl-store-thumb {height:45px !important; width:45px !important;}\r\n\t#wpsl-stores, #wpsl-direction-details, #wpsl-gmap {height:680px !important;}\r\n\t#wpsl-gmap .wpsl-info-window {max-width:225px !important;}\r\n\t.wpsl-input label, #wpsl-radius label, #wpsl-category label {width:150px;}\r\n\t#wpsl-search-input ,#wpsl-category .wpsl-dropdown {width:300px;}\r\n<\/style>\r\n<div id=\"wpsl-wrap\" class=\"wpsl-store-below\">\r\n\t<div id=\"wpsl-result-list\" class=\"dealer\">\r\n\t<input type=\"text\" placeholder=\"Suche...\" id=\"search_input\" onkeyup=\"filterFunction()\">\r\n\t\t<div id=\"wpsl-stores\" >\r\n\t\t\t<table class=\"noleggio-table\">\n    <thead class=\"noleggio-head\">\n        <tr class=\"table-row show_olny_for_shop\">\n            <th class=\"heading-th\"><div>Land<\/div><\/th>\n            <th class=\"heading-th\"><div>Standort<\/div><\/th>\n            <th class=\"heading-th\"><div>Unternehmen<\/div><\/th>\n            <th class=\"heading-th\"><div>Telefon<\/div><\/th>\n        <\/tr>\n        <tr class=\"table-row show_olny_for_dealer\">\n            <th class=\"heading-th\"><div>Land<\/div><\/th>\n            <th class=\"heading-th\"><div>St\u00e4dte<\/div><\/th>\n            <th class=\"heading-th\"><div>Unternehmen<\/div><\/th>\n            <th class=\"heading-th\"><div>Telefon<\/div><\/th>\n            <th class=\"heading-th\"><div>E-Mail<\/div><\/th>\n        <\/tr>\n    <\/thead><tbody class=\"noleggio-body\">\r\n\t\t\t<\/tbody><\/table>\r\n\t\t<\/div>\r\n\t\t<div id=\"wpsl-direction-details\">\r\n\t\t\t<ul><\/ul>\r\n\t\t<\/div>\r\n\t<\/div>\r\n\t<div id=\"wpsl-gmap\" class=\"wpsl-gmap-canvas\"><\/div>\r\n<\/div>\r\n\n\n<\/div>\n\n\n<p><\/p>","protected":false},"excerpt":{"rendered":"","protected":false},"author":1,"featured_media":69708,"parent":0,"menu_order":0,"comment_status":"closed","ping_status":"closed","template":"","meta":{"_acf_changed":false,"footnotes":""},"class_list":["post-15","page","type-page","status-publish","has-post-thumbnail","hentry"],"acf":[],"_links":{"self":[{"href":"https:\/\/cantierirenier.com\/de\/wp-json\/wp\/v2\/pages\/15","targetHints":{"allow":["GET"]}}],"collection":[{"href":"https:\/\/cantierirenier.com\/de\/wp-json\/wp\/v2\/pages"}],"about":[{"href":"https:\/\/cantierirenier.com\/de\/wp-json\/wp\/v2\/types\/page"}],"author":[{"embeddable":true,"href":"https:\/\/cantierirenier.com\/de\/wp-json\/wp\/v2\/users\/1"}],"replies":[{"embeddable":true,"href":"https:\/\/cantierirenier.com\/de\/wp-json\/wp\/v2\/comments?post=15"}],"version-history":[{"count":23,"href":"https:\/\/cantierirenier.com\/de\/wp-json\/wp\/v2\/pages\/15\/revisions"}],"predecessor-version":[{"id":69723,"href":"https:\/\/cantierirenier.com\/de\/wp-json\/wp\/v2\/pages\/15\/revisions\/69723"}],"wp:featuredmedia":[{"embeddable":true,"href":"https:\/\/cantierirenier.com\/de\/wp-json\/wp\/v2\/media\/69708"}],"wp:attachment":[{"href":"https:\/\/cantierirenier.com\/de\/wp-json\/wp\/v2\/media?parent=15"}],"curies":[{"name":"wp","href":"https:\/\/api.w.org\/{rel}","templated":true}]}}