{"id":7,"date":"2024-08-20T16:10:16","date_gmt":"2024-08-20T16:10:16","guid":{"rendered":"http:\/\/localhost:10169\/?page_id=7"},"modified":"2026-01-15T11:01:26","modified_gmt":"2026-01-15T11:01:26","slug":"unternehmen","status":"publish","type":"page","link":"https:\/\/cantierirenier.com\/de\/azienda\/","title":{"rendered":"Unternehmen"},"content":{"rendered":"<div class=\"wp-block-cover alignfull is-light has-custom-content-position is-position-bottom-center\" style=\"min-height:55vh;aspect-ratio:unset;\"><img loading=\"lazy\" decoding=\"async\" width=\"1920\" height=\"1068\" class=\"wp-block-cover__image-background wp-image-69701 size-full\" alt=\"\" src=\"https:\/\/cantierirenier.com\/wp-content\/uploads\/2026\/01\/staff-header.jpg\" style=\"object-position:71% 83%\" data-object-fit=\"cover\" data-object-position=\"71% 83%\" srcset=\"https:\/\/cantierirenier.com\/wp-content\/uploads\/2026\/01\/staff-header.jpg 1920w, https:\/\/cantierirenier.com\/wp-content\/uploads\/2026\/01\/staff-header-300x167.jpg 300w, https:\/\/cantierirenier.com\/wp-content\/uploads\/2026\/01\/staff-header-1024x570.jpg 1024w, https:\/\/cantierirenier.com\/wp-content\/uploads\/2026\/01\/staff-header-768x427.jpg 768w, https:\/\/cantierirenier.com\/wp-content\/uploads\/2026\/01\/staff-header-1536x854.jpg 1536w, https:\/\/cantierirenier.com\/wp-content\/uploads\/2026\/01\/staff-header-18x10.jpg 18w\" sizes=\"auto, (max-width: 1920px) 100vw, 1920px\" \/><span aria-hidden=\"true\" class=\"wp-block-cover__background has-black-background-color has-background-dim-10 has-background-dim\"><\/span><div class=\"wp-block-cover__inner-container is-layout-constrained wp-block-cover-is-layout-constrained\"><div class=\"gb-container gb-container-f861960c\">\n\n<h1 class=\"wp-block-heading has-text-align-center text-reveal\"><\/h1>\n\n\n\n<p class=\"has-text-align-center text-reveal\"><\/p>\n\n<\/div><\/div><\/div>\n\n\n<div class=\"gb-container gb-container-f98308f7\">\n<div class=\"gb-grid-wrapper gb-grid-wrapper-e143fbe8\">\n<div class=\"gb-grid-column gb-grid-column-0a7293bc\"><div class=\"gb-container gb-container-0a7293bc text-reveal\">\n<div class=\"gb-container gb-container-b4589410\">\n\n<h2 class=\"wp-block-heading text-reveal\">40 Jahre Geschichte, eine Zukunft voller Innovationen<\/h2>\n\n<\/div>\n\n\n<p class=\"text-reveal\">Gegr\u00fcndet aus einer angeborenen Leidenschaft f\u00fcr das Meer, <strong>Renier-Werften<\/strong> f\u00fchrt die Tradition von Spitzenleistungen und Handwerkskunst von <strong>\u00fcber 40 Jahre<\/strong>.<\/p>\n\n\n\n<p class=\"text-reveal\">Jedes Boot ist das Ergebnis eines langen Prozesses von <strong>Innovation<\/strong> e <strong>Einweihung<\/strong>von der Erfahrung und der Vision von <strong>Luigi Renier<\/strong>.<\/p>\n\n<\/div><\/div>\n\n<div class=\"gb-grid-column gb-grid-column-4342bf8a\"><div class=\"gb-container gb-container-4342bf8a image-container\">\n\n<figure class=\"wp-block-image size-full fade-in-s\"><img loading=\"lazy\" decoding=\"async\" width=\"1920\" height=\"1279\" src=\"https:\/\/cantierirenier.com\/wp-content\/uploads\/2024\/09\/R10-Cabin-Tourer.jpg\" alt=\"\" class=\"wp-image-68391\" srcset=\"https:\/\/cantierirenier.com\/wp-content\/uploads\/2024\/09\/R10-Cabin-Tourer.jpg 1920w, https:\/\/cantierirenier.com\/wp-content\/uploads\/2024\/09\/R10-Cabin-Tourer-300x200.jpg 300w, https:\/\/cantierirenier.com\/wp-content\/uploads\/2024\/09\/R10-Cabin-Tourer-1024x682.jpg 1024w, https:\/\/cantierirenier.com\/wp-content\/uploads\/2024\/09\/R10-Cabin-Tourer-768x512.jpg 768w, https:\/\/cantierirenier.com\/wp-content\/uploads\/2024\/09\/R10-Cabin-Tourer-1536x1023.jpg 1536w\" sizes=\"auto, (max-width: 1920px) 100vw, 1920px\" \/><\/figure>\n\n<\/div><\/div>\n<\/div>\n<\/div>\n\n<div class=\"gb-container gb-container-45413f45\">\n<div class=\"gb-grid-wrapper gb-grid-wrapper-4e8d0b89\">\n<div class=\"gb-grid-column gb-grid-column-42c505c9\"><div class=\"gb-container gb-container-42c505c9\">\n<div class=\"gb-container gb-container-649e436a image-container\">\n<div class=\"wp-block-image is-style-default fade-in-s\">\n<figure class=\"aligncenter size-full is-resized\"><img loading=\"lazy\" decoding=\"async\" width=\"1920\" height=\"2560\" src=\"https:\/\/cantierirenier.com\/wp-content\/uploads\/2024\/10\/Cantieri-Renier-scaled.jpeg\" alt=\"\" class=\"wp-image-68551\" style=\"aspect-ratio:3\/2;object-fit:cover;width:auto;height:300px\" srcset=\"https:\/\/cantierirenier.com\/wp-content\/uploads\/2024\/10\/Cantieri-Renier-scaled.jpeg 1920w, https:\/\/cantierirenier.com\/wp-content\/uploads\/2024\/10\/Cantieri-Renier-225x300.jpeg 225w, https:\/\/cantierirenier.com\/wp-content\/uploads\/2024\/10\/Cantieri-Renier-768x1024.jpeg 768w, https:\/\/cantierirenier.com\/wp-content\/uploads\/2024\/10\/Cantieri-Renier-1152x1536.jpeg 1152w, https:\/\/cantierirenier.com\/wp-content\/uploads\/2024\/10\/Cantieri-Renier-1536x2048.jpeg 1536w\" sizes=\"auto, (max-width: 1920px) 100vw, 1920px\" \/><\/figure>\n<\/div>\n<\/div>\n\n\n<h3 class=\"wp-block-heading has-text-align-center text-reveal-s\">Erleben Sie<\/h3>\n\n\n\n<p class=\"has-text-align-center text-reveal-s\">Mehr als 40 Jahre Erfahrung in der nautischen Industrie, mit einer handwerklichen Produktion, die seit mehr als einem Jahrzehnt in Betrieb ist.<\/p>\n\n<\/div><\/div>\n\n<div class=\"gb-grid-column gb-grid-column-2399fe1f\"><div class=\"gb-container gb-container-2399fe1f\">\n<div class=\"gb-container gb-container-c4e95bbb image-container\">\n<div class=\"wp-block-image is-style-default fade-in-s\">\n<figure class=\"aligncenter size-large is-resized\"><img loading=\"lazy\" decoding=\"async\" width=\"1024\" height=\"683\" src=\"https:\/\/cantierirenier.com\/wp-content\/uploads\/2024\/08\/527A7599-1024x683.jpg\" alt=\"\" class=\"wp-image-68747\" style=\"aspect-ratio:3\/2;object-fit:cover;width:auto;height:300px\" srcset=\"https:\/\/cantierirenier.com\/wp-content\/uploads\/2024\/08\/527A7599-1024x683.jpg 1024w, https:\/\/cantierirenier.com\/wp-content\/uploads\/2024\/08\/527A7599-300x200.jpg 300w, https:\/\/cantierirenier.com\/wp-content\/uploads\/2024\/08\/527A7599-768x512.jpg 768w, https:\/\/cantierirenier.com\/wp-content\/uploads\/2024\/08\/527A7599-1536x1024.jpg 1536w, https:\/\/cantierirenier.com\/wp-content\/uploads\/2024\/08\/527A7599.jpg 1920w\" sizes=\"auto, (max-width: 1024px) 100vw, 1024px\" \/><\/figure>\n<\/div>\n<\/div>\n\n\n<h3 class=\"wp-block-heading has-text-align-center text-reveal-s\"><strong>Innovation<\/strong><\/h3>\n\n\n\n<p class=\"has-text-align-center text-reveal-s\">Fortschrittliche Technologien, die in jeder Phase der Entwicklung und Produktion integriert sind.<\/p>\n\n<\/div><\/div>\n\n<div class=\"gb-grid-column gb-grid-column-9d94a8cc\"><div class=\"gb-container gb-container-9d94a8cc\">\n<div class=\"gb-container gb-container-17614f96 image-container\">\n<div class=\"wp-block-image is-style-default fade-in-s\">\n<figure class=\"aligncenter size-large is-resized\"><img loading=\"lazy\" decoding=\"async\" width=\"768\" height=\"1024\" src=\"https:\/\/cantierirenier.com\/wp-content\/uploads\/2024\/12\/WhatsApp-Image-2024-12-10-at-16.47.55-768x1024.jpeg\" alt=\"\" class=\"wp-image-68929\" style=\"aspect-ratio:3\/2;object-fit:cover;width:auto;height:300px\" srcset=\"https:\/\/cantierirenier.com\/wp-content\/uploads\/2024\/12\/WhatsApp-Image-2024-12-10-at-16.47.55-768x1024.jpeg 768w, https:\/\/cantierirenier.com\/wp-content\/uploads\/2024\/12\/WhatsApp-Image-2024-12-10-at-16.47.55-225x300.jpeg 225w, https:\/\/cantierirenier.com\/wp-content\/uploads\/2024\/12\/WhatsApp-Image-2024-12-10-at-16.47.55-1152x1536.jpeg 1152w, https:\/\/cantierirenier.com\/wp-content\/uploads\/2024\/12\/WhatsApp-Image-2024-12-10-at-16.47.55-1536x2048.jpeg 1536w, https:\/\/cantierirenier.com\/wp-content\/uploads\/2024\/12\/WhatsApp-Image-2024-12-10-at-16.47.55-9x12.jpeg 9w, https:\/\/cantierirenier.com\/wp-content\/uploads\/2024\/12\/WhatsApp-Image-2024-12-10-at-16.47.55-scaled.jpeg 1920w\" sizes=\"auto, (max-width: 768px) 100vw, 768px\" \/><\/figure>\n<\/div>\n<\/div>\n\n\n<h3 class=\"wp-block-heading has-text-align-center text-reveal-s\">Leidenschaft f\u00fcr das Meer<\/h3>\n\n\n\n<p class=\"has-text-align-center text-reveal-s\">Eine Philosophie, die aus der Liebe zum Meer geboren wurde und von jedem Mitglied unseres Teams geteilt wird.<\/p>\n\n<\/div><\/div>\n<\/div>\n<\/div>\n\n<div class=\"gb-container gb-container-f445b8ed smooth-img  alignfull\">\n<div class=\"gb-container gb-container-4886b1c9 scroll-images-section\"><\/div>\n<\/div>\n\n<div class=\"gb-container gb-container-24d4edb5\">\n\n<h2 class=\"wp-block-heading has-text-align-center text-reveal-s\">Luigi Renier<\/h2>\n\n\n<div class=\"gb-container gb-container-1fd184f1\">\n\n<p class=\"has-text-align-center\">Palermo, geboren 1976 in Palermo, war schon immer in der nautischen Welt, ein leidenschaftlicher Segler mit gro\u00dfer Segelerfahrung. Nach Jahren in der nautischen Branche in verschiedenen Funktionen als H\u00e4ndler, Verkaufsleiter f\u00fcr eine Reihe von Werften, Produktberater f\u00fcr renommierte Marken, im Jahr 2014 beschloss er, seine eigenen Schlauchboote zu bauen, mit dem Ziel, ikonische Produkte mit zeitlosem Design zu schaffen, hervorragende R\u00fcmpfe, die gro\u00dfen Komfort an Bord mit speziellen, perfekt integrierten Funktionalit\u00e4ten garantieren.<\/p>\n\n<\/div>\n<\/div>\n\n<div class=\"gb-container gb-container-a0613acc panel-invert\">\n<div class=\"gb-grid-wrapper gb-grid-wrapper-b7030069\">\n<div class=\"gb-grid-column gb-grid-column-0b6c4859\"><div class=\"gb-container gb-container-0b6c4859 text-reveal\">\n<div class=\"gb-container gb-container-6fc84b40\">\n\n<h2 class=\"wp-block-heading text-reveal-s\">Eine Synergie zwischen Erfahrung und Innovation<\/h2>\n\n<\/div>\n\n\n<p class=\"text-reveal-s\">Die St\u00e4rke von Cantieri Renier liegt in einem eingespielten Team aus erfahrenen Designern, Ingenieuren und Handwerkern, die alle das gleiche Ziel verfolgen <strong>Leidenschaft f\u00fcr das Meer<\/strong>. <\/p>\n\n\n\n<p class=\"text-reveal-s\">Das Design unserer Schlauchboote ist das Ergebnis eines perfekten Gleichgewichts zwischen <strong>die Erfahrung von Luigi Renier<\/strong>gro\u00dfer Enthusiast und <strong>Erstnutzer von Booten<\/strong>und dem technischen Know-how hochqualifizierter Designer und Ingenieure.<\/p>\n\n<\/div><\/div>\n\n<div class=\"gb-grid-column gb-grid-column-d11c7a93\"><div class=\"gb-container gb-container-d11c7a93 image-container\">\n\n<figure class=\"wp-block-image size-full fade-in-s\"><img loading=\"lazy\" decoding=\"async\" width=\"1179\" height=\"1478\" src=\"https:\/\/cantierirenier.com\/wp-content\/uploads\/2024\/12\/Cantieri-Renier.jpeg\" alt=\"\" class=\"wp-image-68923\" srcset=\"https:\/\/cantierirenier.com\/wp-content\/uploads\/2024\/12\/Cantieri-Renier.jpeg 1179w, https:\/\/cantierirenier.com\/wp-content\/uploads\/2024\/12\/Cantieri-Renier-239x300.jpeg 239w, https:\/\/cantierirenier.com\/wp-content\/uploads\/2024\/12\/Cantieri-Renier-817x1024.jpeg 817w, https:\/\/cantierirenier.com\/wp-content\/uploads\/2024\/12\/Cantieri-Renier-768x963.jpeg 768w, https:\/\/cantierirenier.com\/wp-content\/uploads\/2024\/12\/Cantieri-Renier-10x12.jpeg 10w\" sizes=\"auto, (max-width: 1179px) 100vw, 1179px\" \/><\/figure>\n\n<\/div><\/div>\n<\/div>\n<\/div>\n\n<div class=\"gb-container gb-container-b46e6d7d\">\n<div class=\"gb-grid-wrapper gb-grid-wrapper-ae655c1a\">\n<div class=\"gb-grid-column gb-grid-column-693db9fc\"><div class=\"gb-container gb-container-693db9fc\">\n<div class=\"gb-container gb-container-46768ceb image-container\">\n\n<figure class=\"wp-block-image size-full fade-in-s\"><img loading=\"lazy\" decoding=\"async\" width=\"1920\" height=\"2560\" src=\"https:\/\/cantierirenier.com\/wp-content\/uploads\/2024\/09\/R11-BR-4.jpg\" alt=\"\" class=\"wp-image-68366\" style=\"object-fit:cover\" srcset=\"https:\/\/cantierirenier.com\/wp-content\/uploads\/2024\/09\/R11-BR-4.jpg 1920w, https:\/\/cantierirenier.com\/wp-content\/uploads\/2024\/09\/R11-BR-4-225x300.jpg 225w, https:\/\/cantierirenier.com\/wp-content\/uploads\/2024\/09\/R11-BR-4-768x1024.jpg 768w, https:\/\/cantierirenier.com\/wp-content\/uploads\/2024\/09\/R11-BR-4-1152x1536.jpg 1152w, https:\/\/cantierirenier.com\/wp-content\/uploads\/2024\/09\/R11-BR-4-1536x2048.jpg 1536w\" sizes=\"auto, (max-width: 1920px) 100vw, 1920px\" \/><\/figure>\n\n<\/div>\n\n<div class=\"gb-container gb-container-dea76ccd image-container\"><\/div>\n\n<div class=\"gb-grid-wrapper gb-grid-wrapper-012c2cca\">\n<div class=\"gb-grid-column gb-grid-column-f40e9f3a\"><div class=\"gb-container gb-container-f40e9f3a image-container\">\n\n<figure class=\"wp-block-image size-full fade-in-s\"><img loading=\"lazy\" decoding=\"async\" width=\"1920\" height=\"1440\" src=\"https:\/\/cantierirenier.com\/wp-content\/uploads\/2024\/08\/IMG_4446.jpeg\" alt=\"\" class=\"wp-image-68736\" style=\"object-fit:cover\" srcset=\"https:\/\/cantierirenier.com\/wp-content\/uploads\/2024\/08\/IMG_4446.jpeg 1920w, https:\/\/cantierirenier.com\/wp-content\/uploads\/2024\/08\/IMG_4446-300x225.jpeg 300w, https:\/\/cantierirenier.com\/wp-content\/uploads\/2024\/08\/IMG_4446-1024x768.jpeg 1024w, https:\/\/cantierirenier.com\/wp-content\/uploads\/2024\/08\/IMG_4446-768x576.jpeg 768w, https:\/\/cantierirenier.com\/wp-content\/uploads\/2024\/08\/IMG_4446-1536x1152.jpeg 1536w\" sizes=\"auto, (max-width: 1920px) 100vw, 1920px\" \/><\/figure>\n\n<\/div><\/div>\n\n<div class=\"gb-grid-column gb-grid-column-ccadd442\"><div class=\"gb-container gb-container-ccadd442 image-container\">\n\n<figure class=\"wp-block-image size-full fade-in-s\"><img loading=\"lazy\" decoding=\"async\" width=\"1920\" height=\"1440\" src=\"https:\/\/cantierirenier.com\/wp-content\/uploads\/2024\/12\/Catieri-Renier-1-1.jpg\" alt=\"\" class=\"wp-image-69001\" style=\"object-fit:cover\" srcset=\"https:\/\/cantierirenier.com\/wp-content\/uploads\/2024\/12\/Catieri-Renier-1-1.jpg 1920w, https:\/\/cantierirenier.com\/wp-content\/uploads\/2024\/12\/Catieri-Renier-1-1-300x225.jpg 300w, https:\/\/cantierirenier.com\/wp-content\/uploads\/2024\/12\/Catieri-Renier-1-1-1024x768.jpg 1024w, https:\/\/cantierirenier.com\/wp-content\/uploads\/2024\/12\/Catieri-Renier-1-1-768x576.jpg 768w, https:\/\/cantierirenier.com\/wp-content\/uploads\/2024\/12\/Catieri-Renier-1-1-1536x1152.jpg 1536w, https:\/\/cantierirenier.com\/wp-content\/uploads\/2024\/12\/Catieri-Renier-1-1-16x12.jpg 16w\" sizes=\"auto, (max-width: 1920px) 100vw, 1920px\" \/><\/figure>\n\n<\/div><\/div>\n<\/div>\n<\/div><\/div>\n\n<div class=\"gb-grid-column gb-grid-column-9959559d\"><div class=\"gb-container gb-container-9959559d\">\n<div class=\"gb-container gb-container-944521c4 image-container\">\n\n<figure class=\"wp-block-image size-full fade-in-s\"><img loading=\"lazy\" decoding=\"async\" width=\"1920\" height=\"1280\" src=\"https:\/\/cantierirenier.com\/wp-content\/uploads\/2024\/08\/527A8050.jpg\" alt=\"\" class=\"wp-image-68764\" srcset=\"https:\/\/cantierirenier.com\/wp-content\/uploads\/2024\/08\/527A8050.jpg 1920w, https:\/\/cantierirenier.com\/wp-content\/uploads\/2024\/08\/527A8050-300x200.jpg 300w, https:\/\/cantierirenier.com\/wp-content\/uploads\/2024\/08\/527A8050-1024x683.jpg 1024w, https:\/\/cantierirenier.com\/wp-content\/uploads\/2024\/08\/527A8050-768x512.jpg 768w, https:\/\/cantierirenier.com\/wp-content\/uploads\/2024\/08\/527A8050-1536x1024.jpg 1536w\" sizes=\"auto, (max-width: 1920px) 100vw, 1920px\" \/><\/figure>\n\n<\/div>\n\n<div class=\"gb-container gb-container-6a97d794\">\n<div class=\"gb-container gb-container-96b7daab\">\n\n<div class=\"wp-block-group text-reveal-s\"><div class=\"wp-block-group__inner-container is-layout-constrained wp-block-group-is-layout-constrained\"><div class=\"gb-container gb-container-f856ba36\">\n\n<h2 class=\"wp-block-heading text-reveal-s\"><strong>Exzellenz in jedem Detail<\/strong><\/h2>\n\n<\/div>\n\n\n<div class=\"wp-block-group text-reveal-s\"><div class=\"wp-block-group__inner-container is-layout-constrained wp-block-group-is-layout-constrained\">\n<p>Jedes Renier-Boot ist so konzipiert, dass es Folgendes bietet <strong>ein un\u00fcbertroffenes Surferlebnis<\/strong>. <\/p>\n\n\n\n<p>Unser Ziel ist es, Boote zu bauen, die <strong>\u00fcberragende Leistung<\/strong>, <strong>Komfort<\/strong> e <strong>elegantes Design<\/strong>. <\/p>\n\n\n\n<p>Dieses Engagement treibt uns an, unsere Prozesse st\u00e4ndig zu verbessern und dabei die handwerkliche und individuelle Note zu bewahren, die uns auszeichnet.<\/p>\n<\/div><\/div>\n\n\n\n<ul class=\"wp-block-list text-reveal-s\">\n<li><strong>Moderne Handwerkskunst<\/strong>: Begrenzte Produktion, um Qualit\u00e4t und Liebe zum Detail zu garantieren.<\/li>\n\n\n\n<li><strong>Individuelles Design<\/strong>Jeder Kunde kann sein Boot individuell gestalten, um es einzigartig zu machen.<\/li>\n\n\n\n<li><strong>Kontinuierliche Innovation<\/strong>Wir investieren st\u00e4ndig in neue Technologien, um Leistung und Zuverl\u00e4ssigkeit zu verbessern.<\/li>\n<\/ul>\n\n\n\n<div style=\"height:30px\" aria-hidden=\"true\" class=\"wp-block-spacer\"><\/div>\n\n\n\n<div class=\"wp-block-buttons button-reveal-s is-layout-flex wp-block-buttons-is-layout-flex\">\n<div class=\"wp-block-button s-button\"><a class=\"wp-block-button__link wp-element-button\" href=\"\/de\/modell\/\">Unsere Modelle<\/a><\/div>\n<\/div>\n<\/div><\/div>\n\n<\/div>\n<\/div>\n<\/div><\/div>\n<\/div>\n<\/div>\n\n<div class=\"gb-container gb-container-67a77e38\">\n<div class=\"gb-grid-wrapper gb-grid-wrapper-ecb43433 column-mobile\">\n<div class=\"gb-grid-column gb-grid-column-77a21e09\"><div class=\"gb-container gb-container-77a21e09\">\n<div class=\"gb-container gb-container-afb2a1e6\">\n\n<h2 class=\"wp-block-heading text-reveal-s\">Kompromissloses Design und Erfahrung<\/h2>\n\n\n\n<div class=\"wp-block-group text-reveal-s\"><div class=\"wp-block-group__inner-container is-layout-constrained wp-block-group-is-layout-constrained\">\n<p>Jedes Renier-Modell ist das Ergebnis der Kreativit\u00e4t von <strong>Luigi Renier<\/strong>zusammen mit einem Team von erfahrenen Designern und Ingenieuren. <\/p>\n\n\n\n<p>Wir beginnen mit einfachen Skizzen auf Papier und kommen zu innovativen L\u00f6sungen, die unverwechselbares Design, hervorragende Leistung und unvergleichlichen Komfort vereinen. <\/p>\n\n\n\n<p>Unser Konzept basiert auf einer ausgewogenen Mischung aus <strong>Vision des Gr\u00fcnders<\/strong> und die <strong>technisches Know-how eines hochqualifizierten Teams<\/strong>.<\/p>\n\n\n\n<ul class=\"wp-block-list\">\n<li><strong>Einzigartige Zusammenarbeit<\/strong>Luigi Renier arbeitet direkt mit dem technischen Team zusammen, um sicherzustellen, dass jedes Boot seine Vision und Philosophie widerspiegelt.<\/li>\n\n\n\n<li><strong>Fortschrittliche Technologie<\/strong>Wir verwenden die neueste Design- und Simulationssoftware, um jeden Aspekt der Konstruktion zu optimieren.<\/li>\n\n\n\n<li><strong>Strenge Erprobung auf See<\/strong>Jedes Boot wird gr\u00fcndlich auf See getestet, um Leistung, Sicherheit und Zuverl\u00e4ssigkeit zu gew\u00e4hrleisten.<\/li>\n<\/ul>\n<\/div><\/div>\n\n\n<div class=\"gb-container gb-container-2406d392 image-container\">\n\n<figure class=\"wp-block-image size-large fade-in-s\"><img loading=\"lazy\" decoding=\"async\" width=\"1024\" height=\"683\" src=\"https:\/\/cantierirenier.com\/wp-content\/uploads\/2024\/09\/527A2648-1024x683.jpg\" alt=\"\" class=\"wp-image-68702\" srcset=\"https:\/\/cantierirenier.com\/wp-content\/uploads\/2024\/09\/527A2648-1024x683.jpg 1024w, https:\/\/cantierirenier.com\/wp-content\/uploads\/2024\/09\/527A2648-300x200.jpg 300w, https:\/\/cantierirenier.com\/wp-content\/uploads\/2024\/09\/527A2648-768x512.jpg 768w, https:\/\/cantierirenier.com\/wp-content\/uploads\/2024\/09\/527A2648-1536x1024.jpg 1536w, https:\/\/cantierirenier.com\/wp-content\/uploads\/2024\/09\/527A2648.jpg 1920w\" sizes=\"auto, (max-width: 1024px) 100vw, 1024px\" \/><\/figure>\n\n<\/div>\n<\/div>\n<\/div><\/div>\n\n<div class=\"gb-grid-column gb-grid-column-011810f2\"><div class=\"gb-container gb-container-011810f2\">\n<div class=\"gb-container gb-container-b9100d73 image-container\">\n<div class=\"wp-block-image fade-in-s\">\n<figure class=\"aligncenter size-large\"><img loading=\"lazy\" decoding=\"async\" width=\"683\" height=\"1024\" src=\"https:\/\/cantierirenier.com\/wp-content\/uploads\/2024\/12\/DSC_9492-scaled-1-683x1024.jpg\" alt=\"\" class=\"wp-image-69167\" srcset=\"https:\/\/cantierirenier.com\/wp-content\/uploads\/2024\/12\/DSC_9492-scaled-1-683x1024.jpg 683w, https:\/\/cantierirenier.com\/wp-content\/uploads\/2024\/12\/DSC_9492-scaled-1-200x300.jpg 200w, https:\/\/cantierirenier.com\/wp-content\/uploads\/2024\/12\/DSC_9492-scaled-1-768x1151.jpg 768w, https:\/\/cantierirenier.com\/wp-content\/uploads\/2024\/12\/DSC_9492-scaled-1-1025x1536.jpg 1025w, https:\/\/cantierirenier.com\/wp-content\/uploads\/2024\/12\/DSC_9492-scaled-1-8x12.jpg 8w, https:\/\/cantierirenier.com\/wp-content\/uploads\/2024\/12\/DSC_9492-scaled-1.jpg 1200w\" sizes=\"auto, (max-width: 683px) 100vw, 683px\" \/><\/figure>\n<\/div>\n<\/div>\n<\/div><\/div>\n<\/div>\n<\/div>","protected":false},"excerpt":{"rendered":"<p>Renier-Werften<\/p>","protected":false},"author":1,"featured_media":68359,"parent":0,"menu_order":0,"comment_status":"closed","ping_status":"closed","template":"custom\/custom-template.php","meta":{"_acf_changed":false,"footnotes":""},"class_list":["post-7","page","type-page","status-publish","has-post-thumbnail","hentry"],"acf":[],"_links":{"self":[{"href":"https:\/\/cantierirenier.com\/de\/wp-json\/wp\/v2\/pages\/7","targetHints":{"allow":["GET"]}}],"collection":[{"href":"https:\/\/cantierirenier.com\/de\/wp-json\/wp\/v2\/pages"}],"about":[{"href":"https:\/\/cantierirenier.com\/de\/wp-json\/wp\/v2\/types\/page"}],"author":[{"embeddable":true,"href":"https:\/\/cantierirenier.com\/de\/wp-json\/wp\/v2\/users\/1"}],"replies":[{"embeddable":true,"href":"https:\/\/cantierirenier.com\/de\/wp-json\/wp\/v2\/comments?post=7"}],"version-history":[{"count":143,"href":"https:\/\/cantierirenier.com\/de\/wp-json\/wp\/v2\/pages\/7\/revisions"}],"predecessor-version":[{"id":69705,"href":"https:\/\/cantierirenier.com\/de\/wp-json\/wp\/v2\/pages\/7\/revisions\/69705"}],"wp:featuredmedia":[{"embeddable":true,"href":"https:\/\/cantierirenier.com\/de\/wp-json\/wp\/v2\/media\/68359"}],"wp:attachment":[{"href":"https:\/\/cantierirenier.com\/de\/wp-json\/wp\/v2\/media?parent=7"}],"curies":[{"name":"wp","href":"https:\/\/api.w.org\/{rel}","templated":true}]}}