{"id":11,"date":"2024-08-20T16:10:34","date_gmt":"2024-08-20T16:10:34","guid":{"rendered":"http:\/\/localhost:10169\/?page_id=11"},"modified":"2025-04-23T10:52:55","modified_gmt":"2025-04-23T10:52:55","slug":"alquiler","status":"publish","type":"page","link":"https:\/\/cantierirenier.com\/es\/noleggio\/","title":{"rendered":"Contratar"},"content":{"rendered":"<div class=\"gb-container gb-container-b965d2d7\">\n<div class=\"gb-grid-wrapper gb-grid-wrapper-8fd56929\">\n<div class=\"gb-grid-column gb-grid-column-a6e046f4\"><div class=\"gb-container gb-container-a6e046f4\">\n<div class=\"gb-container gb-container-4701f9a3\">\n\n<h2 class=\"wp-block-heading\"><strong>Viva su experiencia en <\/strong>a bordo de un barco Renier<\/h2>\n\n<\/div>\n\n\n<p>Toda la exclusividad y el estilo de las embarcaciones neum\u00e1ticas Renier a su alcance. Gracias a la colaboraci\u00f3n con nuestros socios, podr\u00e1 disfrutar de un d\u00eda inolvidable en el mar a bordo de una de nuestras embarcaciones de alquiler.<\/p>\n\n\n\n<p>Y si prefiere disfrutar del mar durante toda la temporada. Nuestro servicio de&nbsp;<strong>alquiler de temporada<\/strong>&nbsp;le ofrece la libertad de disfrutar cada d\u00eda de una embarcaci\u00f3n auxiliar de lujo, sin las preocupaciones de comprarla, mantenerla o guardarla.<\/p>\n\n\n\n<div style=\"height:35px\" aria-hidden=\"true\" class=\"wp-block-spacer\"><\/div>\n\n\n\n<div class=\"wp-block-buttons button-reveal-s is-layout-flex wp-block-buttons-is-layout-flex\">\n<div class=\"wp-block-button\"><a class=\"wp-block-button__link wp-element-button\" href=\"https:\/\/cantierirenier.com\/es\/alquiler-de-barcos\/\">Alquiler de temporada<\/a><\/div>\n<\/div>\n\n<\/div><\/div>\n\n<div class=\"gb-grid-column gb-grid-column-c5f4e24d\"><div class=\"gb-container gb-container-c5f4e24d image-container\">\n\n<figure class=\"wp-block-image size-large\"><img loading=\"lazy\" decoding=\"async\" width=\"1024\" height=\"683\" src=\"https:\/\/cantierirenier.com\/wp-content\/uploads\/2024\/09\/R9-T-23-1024x683.jpg\" alt=\"\" class=\"wp-image-68276\" srcset=\"https:\/\/cantierirenier.com\/wp-content\/uploads\/2024\/09\/R9-T-23-1024x683.jpg 1024w, https:\/\/cantierirenier.com\/wp-content\/uploads\/2024\/09\/R9-T-23-300x200.jpg 300w, https:\/\/cantierirenier.com\/wp-content\/uploads\/2024\/09\/R9-T-23-768x512.jpg 768w, https:\/\/cantierirenier.com\/wp-content\/uploads\/2024\/09\/R9-T-23-1536x1024.jpg 1536w, https:\/\/cantierirenier.com\/wp-content\/uploads\/2024\/09\/R9-T-23.jpg 1920w\" sizes=\"auto, (max-width: 1024px) 100vw, 1024px\" \/><\/figure>\n\n<\/div><\/div>\n<\/div>\n<\/div>\n\n<div class=\"gb-container gb-container-7f874109 alignwide\">\n<style>\r\n\t#wpsl-stores .wpsl-store-thumb {height:45px !important; width:45px !important;}\r\n\t#wpsl-stores, #wpsl-direction-details, #wpsl-gmap {height:680px !important;}\r\n\t#wpsl-gmap .wpsl-info-window {max-width:225px !important;}\r\n\t.wpsl-input label, #wpsl-radius label, #wpsl-category label {width:150px;}\r\n\t#wpsl-search-input ,#wpsl-category .wpsl-dropdown {width:300px;}\r\n<\/style>\r\n<div id=\"wpsl-wrap\" class=\"wpsl-store-below\">\r\n\t<div id=\"wpsl-result-list\" class=\"store\">\r\n\t<input type=\"text\" placeholder=\"Busca...\" id=\"search_input\" onkeyup=\"filterFunction()\">\r\n\t\t<div id=\"wpsl-stores\" >\r\n\t\t\t<table class=\"noleggio-table\">\n    <thead class=\"noleggio-head\">\n        <tr class=\"table-row show_olny_for_shop\">\n            <th class=\"heading-th\"><div>Pa\u00eds<\/div><\/th>\n            <th class=\"heading-th\"><div>Ubicaci\u00f3n<\/div><\/th>\n            <th class=\"heading-th\"><div>Empresa<\/div><\/th>\n            <th class=\"heading-th\"><div>Tel\u00e9fono<\/div><\/th>\n        <\/tr>\n        <tr class=\"table-row show_olny_for_dealer\">\n            <th class=\"heading-th\"><div>Pa\u00eds<\/div><\/th>\n            <th class=\"heading-th\"><div>Ciudades<\/div><\/th>\n            <th class=\"heading-th\"><div>Empresa<\/div><\/th>\n            <th class=\"heading-th\"><div>Tel\u00e9fono<\/div><\/th>\n            <th class=\"heading-th\"><div>Correo electr\u00f3nico<\/div><\/th>\n        <\/tr>\n    <\/thead><tbody class=\"noleggio-body\">\r\n\t\t\t<\/tbody><\/table>\r\n\t\t<\/div>\r\n\t\t<div id=\"wpsl-direction-details\">\r\n\t\t\t<ul><\/ul>\r\n\t\t<\/div>\r\n\t<\/div>\r\n\t<div id=\"wpsl-gmap\" class=\"wpsl-gmap-canvas\"><\/div>\r\n<\/div>\r\n\n\n<\/div>","protected":false},"excerpt":{"rendered":"","protected":false},"author":1,"featured_media":69337,"parent":0,"menu_order":0,"comment_status":"closed","ping_status":"closed","template":"","meta":{"_acf_changed":false,"footnotes":""},"class_list":["post-11","page","type-page","status-publish","has-post-thumbnail","hentry"],"acf":[],"_links":{"self":[{"href":"https:\/\/cantierirenier.com\/es\/wp-json\/wp\/v2\/pages\/11","targetHints":{"allow":["GET"]}}],"collection":[{"href":"https:\/\/cantierirenier.com\/es\/wp-json\/wp\/v2\/pages"}],"about":[{"href":"https:\/\/cantierirenier.com\/es\/wp-json\/wp\/v2\/types\/page"}],"author":[{"embeddable":true,"href":"https:\/\/cantierirenier.com\/es\/wp-json\/wp\/v2\/users\/1"}],"replies":[{"embeddable":true,"href":"https:\/\/cantierirenier.com\/es\/wp-json\/wp\/v2\/comments?post=11"}],"version-history":[{"count":30,"href":"https:\/\/cantierirenier.com\/es\/wp-json\/wp\/v2\/pages\/11\/revisions"}],"predecessor-version":[{"id":69559,"href":"https:\/\/cantierirenier.com\/es\/wp-json\/wp\/v2\/pages\/11\/revisions\/69559"}],"wp:featuredmedia":[{"embeddable":true,"href":"https:\/\/cantierirenier.com\/es\/wp-json\/wp\/v2\/media\/69337"}],"wp:attachment":[{"href":"https:\/\/cantierirenier.com\/es\/wp-json\/wp\/v2\/media?parent=11"}],"curies":[{"name":"wp","href":"https:\/\/api.w.org\/{rel}","templated":true}]}}