{"id":17,"date":"2024-08-20T16:11:35","date_gmt":"2024-08-20T16:11:35","guid":{"rendered":"http:\/\/localhost:10169\/?page_id=17"},"modified":"2026-01-15T15:56:37","modified_gmt":"2026-01-15T15:56:37","slug":"contactos","status":"publish","type":"page","link":"https:\/\/cantierirenier.com\/es\/contatti\/","title":{"rendered":"P\u00f3ngase en contacto con"},"content":{"rendered":"<div class=\"gb-container gb-container-eadf4b5f\">\n<div class=\"gb-grid-wrapper gb-grid-wrapper-78354c64\">\n<div class=\"gb-grid-column gb-grid-column-b123ece2\"><div class=\"gb-container gb-container-b123ece2\">\n\n<h3 class=\"wp-block-heading\">Renier Srl<\/h3>\n\n\n\n<p><a href=\"https:\/\/share.google\/sU9KT1N4YpkvfPSJt\" data-type=\"link\" data-id=\"https:\/\/share.google\/sU9KT1N4YpkvfPSJt\" target=\"_blank\" rel=\"noreferrer noopener\">Via Don Luigi Sturzo 258 90044 &#8211; Carini (Palermo)<\/a><\/p>\n\n\n\n<ul class=\"wp-block-list\">\n<li><strong>Tel:<\/strong> <a href=\"tel:+390915751833\" data-type=\"tel\" data-id=\"tel:+390917297240\">+39 091 5751833<\/a><\/li>\n\n\n\n<li><strong>Correo electr\u00f3nico:<\/strong> <a href=\"mailto:in**@************er.com\" data-original-string=\"RmKVqquHJv6HArgVPJkBDA==65788h8IcV5B0z4ZsZW6i6ktk+DboXKI1Pxs20gwlLo\/bU=\" title=\"Este contacto ha sido codificado por Anti-Spam by CleanTalk. Haz clic para decodificar. Para finalizar la decodificaci\u00f3n, aseg\u00farate de que JavaScript est\u00e1 activado en tu navegador.\" data-type=\"mailto\" data-id=\"mailto:in**@************er.com\"><span \n                data-original-string='ItL5PVq4rIuliUDxKq58nw==657C\/wUnOmmfWrYHsPo\/WGbEy1zPE4OS0OBW9GggLDCArk='\n                class='apbct-email-encoder'\n                title='Este contacto ha sido codificado por Anti-Spam by CleanTalk. Haz clic para decodificar. Para finalizar la decodificaci\u00f3n, aseg\u00farate de que JavaScript est\u00e1 activado en tu navegador.'>en<span class=\"apbct-blur\">**<\/span>@<span class=\"apbct-blur\">************<\/span>er.com<\/span><\/a><\/li>\n<\/ul>\n\n\n\n<div style=\"height:37px\" aria-hidden=\"true\" class=\"wp-block-spacer\"><\/div>\n\n\n\n<h3 class=\"wp-block-heading\">Escr\u00edbanos<\/h3>\n\n\n<div class=\"gb-container gb-container-d4e85066\">\n\n<div class=\"wp-block-contact-form-7-contact-form-selector\">\n<div class=\"wpcf7 no-js\" id=\"wpcf7-f68117-o1\" lang=\"it-IT\" dir=\"ltr\" data-wpcf7-id=\"68117\">\n<div class=\"screen-reader-response\"><p role=\"status\" aria-live=\"polite\" aria-atomic=\"true\"><\/p> <ul><\/ul><\/div>\n<form action=\"\/es\/wp-json\/wp\/v2\/pages\/17#wpcf7-f68117-o1\" method=\"post\" class=\"wpcf7-form init\" aria-label=\"Formulario de contacto\" novalidate=\"novalidate\" data-status=\"init\" data-trp-original-action=\"\/es\/wp-json\/wp\/v2\/pages\/17#wpcf7-f68117-o1\">\n<fieldset class=\"hidden-fields-container\"><input type=\"hidden\" name=\"_wpcf7\" value=\"68117\" \/><input type=\"hidden\" name=\"_wpcf7_version\" value=\"6.1.5\" \/><input type=\"hidden\" name=\"_wpcf7_locale\" value=\"it_IT\" \/><input type=\"hidden\" name=\"_wpcf7_unit_tag\" value=\"wpcf7-f68117-o1\" \/><input type=\"hidden\" name=\"_wpcf7_container_post\" value=\"0\" \/><input type=\"hidden\" name=\"_wpcf7_posted_data_hash\" value=\"\" \/>\n<\/fieldset>\n<div class=\"grid\">\n\t<div class=\"col-50\">\n\t\t<p><span class=\"style-line icon-name  b-bottom\"><span class=\"wpcf7-form-control-wrap\" data-name=\"your-name\"><input size=\"40\" maxlength=\"400\" class=\"wpcf7-form-control wpcf7-text wpcf7-validates-as-required\" aria-required=\"true\" aria-invalid=\"false\" placeholder=\"Nombre\" value=\"\" type=\"text\" name=\"your-name\" \/><\/span><\/span>\n\t\t<\/p>\n\t<\/div>\n\t<div class=\"col-50\">\n\t\t<p><span class=\"style-line icon-email  b-bottom\"><span class=\"wpcf7-form-control-wrap\" data-name=\"your-email\"><input size=\"40\" maxlength=\"400\" class=\"wpcf7-form-control wpcf7-email wpcf7-validates-as-required wpcf7-text wpcf7-validates-as-email\" aria-required=\"true\" aria-invalid=\"false\" placeholder=\"Correo electr\u00f3nico\" value=\"\" type=\"email\" name=\"your-email\" \/><\/span><\/span>\n\t\t<\/p>\n\t<\/div>\n\t<div class=\"col-50\">\n\t\t<p><span class=\"style-line icon-mobile  b-bottom\"> <span class=\"wpcf7-form-control-wrap\" data-name=\"phonetext-598\"><input size=\"40\" class=\"wpcf7-form-control wpcf7-phonetext wpcf7-validates-as-required wpcf7-text wpcf7-validates-as-phonetext\" aria-required=\"true\" aria-invalid=\"false\" placeholder=\"Tel\u00e9fono\" value=\"\" type=\"text\" name=\"phonetext-598\" \/><input type=\"hidden\" name=\"phonetext-598-country-code\" class=\"wpcf7-phonetext-country-code\" \/><\/span><\/span>\n\t\t<\/p>\n\t<\/div>\n\t<div class=\"col-50\">\n\t\t<p><span class=\"style-line icon-subject  b-bottom\"><span class=\"wpcf7-form-control-wrap\" data-name=\"subject\"><input size=\"40\" maxlength=\"400\" class=\"wpcf7-form-control wpcf7-text wpcf7-validates-as-required\" aria-required=\"true\" aria-invalid=\"false\" placeholder=\"Objeto\" value=\"\" type=\"text\" name=\"subject\" \/><\/span><\/span>\n\t\t<\/p>\n\t<\/div>\n\t<div class=\"col-100\">\n\t\t<p><span class=\"style-line icon-textarea  b-bottom\"><span class=\"wpcf7-form-control-wrap\" data-name=\"your-message\"><textarea cols=\"40\" rows=\"10\" maxlength=\"2000\" class=\"wpcf7-form-control wpcf7-textarea wpcf7-validates-as-required\" aria-required=\"true\" aria-invalid=\"false\" placeholder=\"\u00bfEn qu\u00e9 podemos ayudarle?\" name=\"your-message\"><\/textarea><\/span><\/span>\n\t\t<\/p>\n\t<\/div>\n\t<div class=\"col-100 mb-1\">\n\t\t<p><span class=\"wpcf7-form-control-wrap\" data-name=\"acceptance\"><span class=\"wpcf7-form-control wpcf7-acceptance\"><span class=\"wpcf7-list-item\"><label><input type=\"checkbox\" name=\"acceptance\" value=\"1\" aria-invalid=\"false\" \/><span class=\"wpcf7-list-item-label\">Autorizo el tratamiento de mis datos personales con fines comerciales de conformidad con la <a href=\"\/es\/politica-de-privacidad\/\">pol\u00edtica de privacidad<\/a> del sitio.<\/span><\/label><\/span><\/span><\/span>\n\t\t<\/p>\n\t\t<p><!-- Mailchimp for WordPress v4.12.1 - https:\/\/www.mc4wp.com\/ --><input type=\"hidden\" name=\"_mc4wp_subscribe_contact-form-7\" value=\"0\" \/><span class=\"mc4wp-checkbox mc4wp-checkbox-contact-form-7\"><label><input type=\"checkbox\" name=\"_mc4wp_subscribe_contact-form-7\" value=\"1\" ><span>Ap\u00fantame al bolet\u00edn<\/span><\/label><\/span><!-- \/ Mailchimp for WordPress -->\n\t\t<\/p>\n\t<\/div>\n\t<div class=\"col-100\">\n\t\t<p><input class=\"wpcf7-form-control wpcf7-submit has-spinner\" type=\"submit\" value=\"Enviar\" \/>\n\t\t<\/p>\n\t<\/div>\n<\/div><input type=\"hidden\" id=\"ct_checkjs_cf7_f4552671f8909587cf485ea990207f3b\" name=\"ct_checkjs_cf7\" value=\"0\" \/><script >setTimeout(function(){var ct_input_name = \"ct_checkjs_cf7_f4552671f8909587cf485ea990207f3b\";if (document.getElementById(ct_input_name) !== null) {var ct_input_value = document.getElementById(ct_input_name).value;document.getElementById(ct_input_name).value = document.getElementById(ct_input_name).value.replace(ct_input_value, '754143819');}}, 1000);<\/script><input\n                    class=\"apbct_special_field apbct_email_id__wp_contact_form_7\"\n                    name=\"apbct__email_id__wp_contact_form_7\"\n                    aria-label=\"apbct__label_id__wp_contact_form_7\"\n                    type=\"text\" size=\"30\" maxlength=\"200\" autocomplete=\"off\"\n                    value=\"\"\n                \/><div class=\"wpcf7-response-output\" aria-hidden=\"true\"><\/div>\n<input type=\"hidden\" name=\"trp-form-language\" value=\"es\"\/><\/form>\n<\/div>\n<\/div>\n\n<\/div>\n<\/div><\/div>\n\n<div class=\"gb-grid-column gb-grid-column-753c391f\"><div class=\"gb-container gb-container-753c391f\">\n\n<iframe src=\"https:\/\/www.google.com\/maps\/embed?pb=!1m18!1m12!1m3!1d3701.0709398157574!2d13.211482276450326!3d38.15573097189187!2m3!1f0!2f0!3f0!3m2!1i1024!2i768!4f13.1!3m3!1m2!1s0x1319eb7de49b1559%3A0xd55216a40d717535!2sVia%20Don%20L.%20Sturzo%2C%20258%2C%2090044%20Carini%20PA!5e1!3m2!1sit!2sit!4v1768492551266!5m2!1sit!2sit\" width=\"100%\" height=\"450\" style=\"border:0;\" allowfullscreen=\"\" loading=\"lazy\" referrerpolicy=\"no-referrer-when-downgrade\"><\/iframe>\n\n<\/div><\/div>\n<\/div>\n<\/div>","protected":false},"excerpt":{"rendered":"","protected":false},"author":1,"featured_media":68064,"parent":0,"menu_order":0,"comment_status":"closed","ping_status":"closed","template":"","meta":{"_acf_changed":false,"footnotes":""},"class_list":["post-17","page","type-page","status-publish","has-post-thumbnail","hentry"],"acf":[],"_links":{"self":[{"href":"https:\/\/cantierirenier.com\/es\/wp-json\/wp\/v2\/pages\/17","targetHints":{"allow":["GET"]}}],"collection":[{"href":"https:\/\/cantierirenier.com\/es\/wp-json\/wp\/v2\/pages"}],"about":[{"href":"https:\/\/cantierirenier.com\/es\/wp-json\/wp\/v2\/types\/page"}],"author":[{"embeddable":true,"href":"https:\/\/cantierirenier.com\/es\/wp-json\/wp\/v2\/users\/1"}],"replies":[{"embeddable":true,"href":"https:\/\/cantierirenier.com\/es\/wp-json\/wp\/v2\/comments?post=17"}],"version-history":[{"count":35,"href":"https:\/\/cantierirenier.com\/es\/wp-json\/wp\/v2\/pages\/17\/revisions"}],"predecessor-version":[{"id":69725,"href":"https:\/\/cantierirenier.com\/es\/wp-json\/wp\/v2\/pages\/17\/revisions\/69725"}],"wp:featuredmedia":[{"embeddable":true,"href":"https:\/\/cantierirenier.com\/es\/wp-json\/wp\/v2\/media\/68064"}],"wp:attachment":[{"href":"https:\/\/cantierirenier.com\/es\/wp-json\/wp\/v2\/media?parent=17"}],"curies":[{"name":"wp","href":"https:\/\/api.w.org\/{rel}","templated":true}]}}