{"id":68409,"date":"2024-09-24T08:49:22","date_gmt":"2024-09-24T08:49:22","guid":{"rendered":"https:\/\/cantierirenier.com\/?page_id=68409"},"modified":"2025-01-15T16:46:42","modified_gmt":"2025-01-15T16:46:42","slug":"trabaja-con-nosotros","status":"publish","type":"page","link":"https:\/\/cantierirenier.com\/es\/lavora-con-noi\/","title":{"rendered":"Trabaja con nosotros"},"content":{"rendered":"<div class=\"gb-container gb-container-eadf4b5f\">\n<div class=\"gb-grid-wrapper gb-grid-wrapper-78354c64\">\n<div class=\"gb-grid-column gb-grid-column-b123ece2\"><div class=\"gb-container gb-container-b123ece2\">\n\n<h3 class=\"wp-block-heading\">Env\u00ede su solicitud<\/h3>\n\n\n\n<hr class=\"wp-block-separator has-text-color has-alpha-channel-opacity has-background mb-2\" style=\"background-color:#0a20334d;color:#0a20334d\"\/>\n\n\n\n<p>Env\u00ede su solicitud para un puesto en Cantieri Renier rellenando el formulario, indicando las \u00e1reas de su inter\u00e9s y el puesto que busca.<\/p>\n\n\n\n<div class=\"wp-block-contact-form-7-contact-form-selector\">\n<div class=\"wpcf7 no-js\" id=\"wpcf7-f68414-o1\" lang=\"it-IT\" dir=\"ltr\" data-wpcf7-id=\"68414\">\n<div class=\"screen-reader-response\"><p role=\"status\" aria-live=\"polite\" aria-atomic=\"true\"><\/p> <ul><\/ul><\/div>\n<form action=\"\/es\/wp-json\/wp\/v2\/pages\/68409#wpcf7-f68414-o1\" method=\"post\" class=\"wpcf7-form init\" aria-label=\"Formulario de contacto\" enctype=\"multipart\/form-data\" novalidate=\"novalidate\" data-status=\"init\" data-trp-original-action=\"\/es\/wp-json\/wp\/v2\/pages\/68409#wpcf7-f68414-o1\">\n<fieldset class=\"hidden-fields-container\"><input type=\"hidden\" name=\"_wpcf7\" value=\"68414\" \/><input type=\"hidden\" name=\"_wpcf7_version\" value=\"6.1.5\" \/><input type=\"hidden\" name=\"_wpcf7_locale\" value=\"it_IT\" \/><input type=\"hidden\" name=\"_wpcf7_unit_tag\" value=\"wpcf7-f68414-o1\" \/><input type=\"hidden\" name=\"_wpcf7_container_post\" value=\"0\" \/><input type=\"hidden\" name=\"_wpcf7_posted_data_hash\" value=\"\" \/>\n<\/fieldset>\n<div class=\"grid\">\n\t<div class=\"col-50\">\n\t\t<p><span class=\"wpcf7-form-control-wrap\" data-name=\"your-name\"><input size=\"40\" maxlength=\"400\" class=\"wpcf7-form-control wpcf7-text wpcf7-validates-as-required\" aria-required=\"true\" aria-invalid=\"false\" placeholder=\"Nombre\" value=\"\" type=\"text\" name=\"your-name\" \/><\/span>\n\t\t<\/p>\n\t<\/div>\n\t<div class=\"col-50\">\n\t\t<p><span class=\"wpcf7-form-control-wrap\" data-name=\"your-surname\"><input size=\"40\" maxlength=\"400\" class=\"wpcf7-form-control wpcf7-text wpcf7-validates-as-required\" aria-required=\"true\" aria-invalid=\"false\" placeholder=\"Apellido\" value=\"\" type=\"text\" name=\"your-surname\" \/><\/span>\n\t\t<\/p>\n\t<\/div>\n\t<div class=\"col-50\">\n\t\t<p><span class=\"wpcf7-form-control-wrap\" data-name=\"your-email\"><input size=\"40\" maxlength=\"400\" class=\"wpcf7-form-control wpcf7-email wpcf7-validates-as-required wpcf7-text wpcf7-validates-as-email\" aria-required=\"true\" aria-invalid=\"false\" placeholder=\"Correo electr\u00f3nico\" value=\"\" type=\"email\" name=\"your-email\" \/><\/span>\n\t\t<\/p>\n\t<\/div>\n\t<div class=\"col-50\">\n\t\t<p><span class=\"style-line icon-mobile  b-bottom\"> <span class=\"wpcf7-form-control-wrap\" data-name=\"phonetext-598\"><input size=\"40\" class=\"wpcf7-form-control wpcf7-phonetext wpcf7-validates-as-required wpcf7-text wpcf7-validates-as-phonetext\" aria-required=\"true\" aria-invalid=\"false\" placeholder=\"Tel\u00e9fono\" value=\"\" type=\"text\" name=\"phonetext-598\" \/><input type=\"hidden\" name=\"phonetext-598-country-code\" class=\"wpcf7-phonetext-country-code\" \/><\/span><\/span>\n\t\t<\/p>\n\t<\/div>\n\t<div class=\"col-100\">\n\t\t<p><span class=\"wpcf7-form-control-wrap\" data-name=\"select-65\"><select class=\"wpcf7-form-control wpcf7-select wpcf7-validates-as-required\" aria-required=\"true\" aria-invalid=\"false\" name=\"select-65\"><option value=\"\">Puesto solicitado<\/option><option value=\"Amministrazione\">Administraci\u00f3n<\/option><option value=\"Commerciale\">Comercial<\/option><option value=\"Assemblaggio\">Montaje<\/option><option value=\"Magazzino\">Almac\u00e9n<\/option><option value=\"Logistica\">Log\u00edstica<\/option><option value=\"Pulizie\">Limpieza<\/option><option value=\"Altro\">M\u00e1s<\/option><\/select><\/span>\n\t\t<\/p>\n\t<\/div>\n\t<div class=\"col-100\">\n\t\t<p><span class=\"style-line icon-textarea  b-bottom\"><span class=\"wpcf7-form-control-wrap\" data-name=\"your-message\"><textarea cols=\"40\" rows=\"10\" maxlength=\"2000\" class=\"wpcf7-form-control wpcf7-textarea wpcf7-validates-as-required\" aria-required=\"true\" aria-invalid=\"false\" placeholder=\"Breve presentaci\u00f3n personal\" name=\"your-message\"><\/textarea><\/span><\/span>\n\t\t<\/p>\n\t<\/div>\n\t<div class=\"col-100\">\n\t\t<p>Sube tu CV con fotograf\u00eda.\n\t\t<\/p>\n\t<\/div>\n\t<div class=\"col-100\">\n\t\t<p><span class=\"wpcf7-form-control-wrap\" data-name=\"file-908\"><input size=\"40\" class=\"wpcf7-form-control wpcf7-file\" accept=\"\" aria-invalid=\"false\" type=\"file\" name=\"file-908\" \/><\/span>\n\t\t<\/p>\n\t<\/div>\n\t<div class=\"col-100 mb-1\">\n\t\t<p><span class=\"wpcf7-form-control-wrap\" data-name=\"acceptance\"><span class=\"wpcf7-form-control wpcf7-acceptance\"><span class=\"wpcf7-list-item\"><label><input type=\"checkbox\" name=\"acceptance\" value=\"1\" aria-invalid=\"false\" \/><span class=\"wpcf7-list-item-label\">Autorizo el tratamiento de mis datos personales con fines comerciales de conformidad con la <a href=\"\/es\/politica-de-privacidad\/\">pol\u00edtica de privacidad<\/a> del sitio.<\/span><\/label><\/span><\/span><\/span>\n\t\t<\/p>\n\t\t<p><!-- Mailchimp for WordPress v4.12.1 - https:\/\/www.mc4wp.com\/ --><input type=\"hidden\" name=\"_mc4wp_subscribe_contact-form-7\" value=\"0\" \/><span class=\"mc4wp-checkbox mc4wp-checkbox-contact-form-7\"><label><input type=\"checkbox\" name=\"_mc4wp_subscribe_contact-form-7\" value=\"1\" ><span>Ap\u00fantame al bolet\u00edn<\/span><\/label><\/span><!-- \/ Mailchimp for WordPress -->\n\t\t<\/p>\n\t<\/div>\n\t<div class=\"col-100\">\n\t\t<p><input class=\"wpcf7-form-control wpcf7-submit has-spinner\" type=\"submit\" value=\"Env\u00ede su solicitud\" \/>\n\t\t<\/p>\n\t<\/div>\n<\/div><input type=\"hidden\" id=\"ct_checkjs_cf7_07a96b1f61097ccb54be14d6a47439b0\" name=\"ct_checkjs_cf7\" value=\"0\" \/><script >setTimeout(function(){var ct_input_name = \"ct_checkjs_cf7_07a96b1f61097ccb54be14d6a47439b0\";if (document.getElementById(ct_input_name) !== null) {var ct_input_value = document.getElementById(ct_input_name).value;document.getElementById(ct_input_name).value = document.getElementById(ct_input_name).value.replace(ct_input_value, '754143819');}}, 1000);<\/script><input\n                    class=\"apbct_special_field apbct_email_id__wp_contact_form_7\"\n                    name=\"apbct__email_id__wp_contact_form_7\"\n                    aria-label=\"apbct__label_id__wp_contact_form_7\"\n                    type=\"text\" size=\"30\" maxlength=\"200\" autocomplete=\"off\"\n                    value=\"\"\n                \/><div class=\"wpcf7-response-output\" aria-hidden=\"true\"><\/div>\n<input type=\"hidden\" name=\"trp-form-language\" value=\"es\"\/><\/form>\n<\/div>\n<\/div>\n\n\n<div class=\"gb-container gb-container-d607b350\"><\/div>\n<\/div><\/div>\n\n<div class=\"gb-grid-column gb-grid-column-753c391f\"><div class=\"gb-container gb-container-753c391f\">\n<div class=\"gb-container gb-container-d4e85066\">\n\n<figure class=\"wp-block-image size-large\"><img loading=\"lazy\" decoding=\"async\" width=\"817\" height=\"1024\" src=\"https:\/\/cantierirenier.com\/wp-content\/uploads\/2024\/12\/Cantieri-Renier-817x1024.jpeg\" alt=\"\" class=\"wp-image-68923\" srcset=\"https:\/\/cantierirenier.com\/wp-content\/uploads\/2024\/12\/Cantieri-Renier-817x1024.jpeg 817w, https:\/\/cantierirenier.com\/wp-content\/uploads\/2024\/12\/Cantieri-Renier-239x300.jpeg 239w, https:\/\/cantierirenier.com\/wp-content\/uploads\/2024\/12\/Cantieri-Renier-768x963.jpeg 768w, https:\/\/cantierirenier.com\/wp-content\/uploads\/2024\/12\/Cantieri-Renier-10x12.jpeg 10w, https:\/\/cantierirenier.com\/wp-content\/uploads\/2024\/12\/Cantieri-Renier.jpeg 1179w\" sizes=\"auto, (max-width: 817px) 100vw, 817px\" \/><\/figure>\n\n<\/div>\n<\/div><\/div>\n<\/div>\n<\/div>","protected":false},"excerpt":{"rendered":"","protected":false},"author":1,"featured_media":69253,"parent":0,"menu_order":0,"comment_status":"closed","ping_status":"closed","template":"","meta":{"_acf_changed":false,"footnotes":""},"class_list":["post-68409","page","type-page","status-publish","has-post-thumbnail","hentry"],"acf":[],"_links":{"self":[{"href":"https:\/\/cantierirenier.com\/es\/wp-json\/wp\/v2\/pages\/68409","targetHints":{"allow":["GET"]}}],"collection":[{"href":"https:\/\/cantierirenier.com\/es\/wp-json\/wp\/v2\/pages"}],"about":[{"href":"https:\/\/cantierirenier.com\/es\/wp-json\/wp\/v2\/types\/page"}],"author":[{"embeddable":true,"href":"https:\/\/cantierirenier.com\/es\/wp-json\/wp\/v2\/users\/1"}],"replies":[{"embeddable":true,"href":"https:\/\/cantierirenier.com\/es\/wp-json\/wp\/v2\/comments?post=68409"}],"version-history":[{"count":5,"href":"https:\/\/cantierirenier.com\/es\/wp-json\/wp\/v2\/pages\/68409\/revisions"}],"predecessor-version":[{"id":69332,"href":"https:\/\/cantierirenier.com\/es\/wp-json\/wp\/v2\/pages\/68409\/revisions\/69332"}],"wp:featuredmedia":[{"embeddable":true,"href":"https:\/\/cantierirenier.com\/es\/wp-json\/wp\/v2\/media\/69253"}],"wp:attachment":[{"href":"https:\/\/cantierirenier.com\/es\/wp-json\/wp\/v2\/media?parent=68409"}],"curies":[{"name":"wp","href":"https:\/\/api.w.org\/{rel}","templated":true}]}}