{"id":7,"date":"2024-08-20T16:10:16","date_gmt":"2024-08-20T16:10:16","guid":{"rendered":"http:\/\/localhost:10169\/?page_id=7"},"modified":"2026-01-15T11:01:26","modified_gmt":"2026-01-15T11:01:26","slug":"empresa","status":"publish","type":"page","link":"https:\/\/cantierirenier.com\/es\/azienda\/","title":{"rendered":"Empresa"},"content":{"rendered":"<div class=\"wp-block-cover alignfull is-light has-custom-content-position is-position-bottom-center\" style=\"min-height:55vh;aspect-ratio:unset;\"><img loading=\"lazy\" decoding=\"async\" width=\"1920\" height=\"1068\" class=\"wp-block-cover__image-background wp-image-69701 size-full\" alt=\"\" src=\"https:\/\/cantierirenier.com\/wp-content\/uploads\/2026\/01\/staff-header.jpg\" style=\"object-position:71% 83%\" data-object-fit=\"cover\" data-object-position=\"71% 83%\" srcset=\"https:\/\/cantierirenier.com\/wp-content\/uploads\/2026\/01\/staff-header.jpg 1920w, https:\/\/cantierirenier.com\/wp-content\/uploads\/2026\/01\/staff-header-300x167.jpg 300w, https:\/\/cantierirenier.com\/wp-content\/uploads\/2026\/01\/staff-header-1024x570.jpg 1024w, https:\/\/cantierirenier.com\/wp-content\/uploads\/2026\/01\/staff-header-768x427.jpg 768w, https:\/\/cantierirenier.com\/wp-content\/uploads\/2026\/01\/staff-header-1536x854.jpg 1536w, https:\/\/cantierirenier.com\/wp-content\/uploads\/2026\/01\/staff-header-18x10.jpg 18w\" sizes=\"auto, (max-width: 1920px) 100vw, 1920px\" \/><span aria-hidden=\"true\" class=\"wp-block-cover__background has-black-background-color has-background-dim-10 has-background-dim\"><\/span><div class=\"wp-block-cover__inner-container is-layout-constrained wp-block-cover-is-layout-constrained\"><div class=\"gb-container gb-container-f861960c\">\n\n<h1 class=\"wp-block-heading has-text-align-center text-reveal\"><\/h1>\n\n\n\n<p class=\"has-text-align-center text-reveal\"><\/p>\n\n<\/div><\/div><\/div>\n\n\n<div class=\"gb-container gb-container-f98308f7\">\n<div class=\"gb-grid-wrapper gb-grid-wrapper-e143fbe8\">\n<div class=\"gb-grid-column gb-grid-column-0a7293bc\"><div class=\"gb-container gb-container-0a7293bc text-reveal\">\n<div class=\"gb-container gb-container-b4589410\">\n\n<h2 class=\"wp-block-heading text-reveal\">40 a\u00f1os de historia, un futuro de innovaci\u00f3n<\/h2>\n\n<\/div>\n\n\n<p class=\"text-reveal\">Fundada a partir de una pasi\u00f3n innata por el mar, <strong>Astilleros Renier<\/strong> contin\u00faa la tradici\u00f3n de excelencia y artesan\u00eda de <strong>m\u00e1s de 40 a\u00f1os<\/strong>.<\/p>\n\n\n\n<p class=\"text-reveal\">Cada barco es el resultado de un largo proceso de <strong>innovaci\u00f3n<\/strong> e <strong>dedicatoria<\/strong>guiados por la experiencia y la visi\u00f3n de <strong>Luigi Renier<\/strong>.<\/p>\n\n<\/div><\/div>\n\n<div class=\"gb-grid-column gb-grid-column-4342bf8a\"><div class=\"gb-container gb-container-4342bf8a image-container\">\n\n<figure class=\"wp-block-image size-full fade-in-s\"><img loading=\"lazy\" decoding=\"async\" width=\"1920\" height=\"1279\" src=\"https:\/\/cantierirenier.com\/wp-content\/uploads\/2024\/09\/R10-Cabin-Tourer.jpg\" alt=\"\" class=\"wp-image-68391\" srcset=\"https:\/\/cantierirenier.com\/wp-content\/uploads\/2024\/09\/R10-Cabin-Tourer.jpg 1920w, https:\/\/cantierirenier.com\/wp-content\/uploads\/2024\/09\/R10-Cabin-Tourer-300x200.jpg 300w, https:\/\/cantierirenier.com\/wp-content\/uploads\/2024\/09\/R10-Cabin-Tourer-1024x682.jpg 1024w, https:\/\/cantierirenier.com\/wp-content\/uploads\/2024\/09\/R10-Cabin-Tourer-768x512.jpg 768w, https:\/\/cantierirenier.com\/wp-content\/uploads\/2024\/09\/R10-Cabin-Tourer-1536x1023.jpg 1536w\" sizes=\"auto, (max-width: 1920px) 100vw, 1920px\" \/><\/figure>\n\n<\/div><\/div>\n<\/div>\n<\/div>\n\n<div class=\"gb-container gb-container-45413f45\">\n<div class=\"gb-grid-wrapper gb-grid-wrapper-4e8d0b89\">\n<div class=\"gb-grid-column gb-grid-column-42c505c9\"><div class=\"gb-container gb-container-42c505c9\">\n<div class=\"gb-container gb-container-649e436a image-container\">\n<div class=\"wp-block-image is-style-default fade-in-s\">\n<figure class=\"aligncenter size-full is-resized\"><img loading=\"lazy\" decoding=\"async\" width=\"1920\" height=\"2560\" src=\"https:\/\/cantierirenier.com\/wp-content\/uploads\/2024\/10\/Cantieri-Renier-scaled.jpeg\" alt=\"\" class=\"wp-image-68551\" style=\"aspect-ratio:3\/2;object-fit:cover;width:auto;height:300px\" srcset=\"https:\/\/cantierirenier.com\/wp-content\/uploads\/2024\/10\/Cantieri-Renier-scaled.jpeg 1920w, https:\/\/cantierirenier.com\/wp-content\/uploads\/2024\/10\/Cantieri-Renier-225x300.jpeg 225w, https:\/\/cantierirenier.com\/wp-content\/uploads\/2024\/10\/Cantieri-Renier-768x1024.jpeg 768w, https:\/\/cantierirenier.com\/wp-content\/uploads\/2024\/10\/Cantieri-Renier-1152x1536.jpeg 1152w, https:\/\/cantierirenier.com\/wp-content\/uploads\/2024\/10\/Cantieri-Renier-1536x2048.jpeg 1536w\" sizes=\"auto, (max-width: 1920px) 100vw, 1920px\" \/><\/figure>\n<\/div>\n<\/div>\n\n\n<h3 class=\"wp-block-heading has-text-align-center text-reveal-s\">Experiencia<\/h3>\n\n\n\n<p class=\"has-text-align-center text-reveal-s\">M\u00e1s de 40 a\u00f1os de experiencia en la industria n\u00e1utica, con una producci\u00f3n artesanal en funcionamiento desde hace m\u00e1s de una d\u00e9cada.<\/p>\n\n<\/div><\/div>\n\n<div class=\"gb-grid-column gb-grid-column-2399fe1f\"><div class=\"gb-container gb-container-2399fe1f\">\n<div class=\"gb-container gb-container-c4e95bbb image-container\">\n<div class=\"wp-block-image is-style-default fade-in-s\">\n<figure class=\"aligncenter size-large is-resized\"><img loading=\"lazy\" decoding=\"async\" width=\"1024\" height=\"683\" src=\"https:\/\/cantierirenier.com\/wp-content\/uploads\/2024\/08\/527A7599-1024x683.jpg\" alt=\"\" class=\"wp-image-68747\" style=\"aspect-ratio:3\/2;object-fit:cover;width:auto;height:300px\" srcset=\"https:\/\/cantierirenier.com\/wp-content\/uploads\/2024\/08\/527A7599-1024x683.jpg 1024w, https:\/\/cantierirenier.com\/wp-content\/uploads\/2024\/08\/527A7599-300x200.jpg 300w, https:\/\/cantierirenier.com\/wp-content\/uploads\/2024\/08\/527A7599-768x512.jpg 768w, https:\/\/cantierirenier.com\/wp-content\/uploads\/2024\/08\/527A7599-1536x1024.jpg 1536w, https:\/\/cantierirenier.com\/wp-content\/uploads\/2024\/08\/527A7599.jpg 1920w\" sizes=\"auto, (max-width: 1024px) 100vw, 1024px\" \/><\/figure>\n<\/div>\n<\/div>\n\n\n<h3 class=\"wp-block-heading has-text-align-center text-reveal-s\"><strong>Innovaci\u00f3n<\/strong><\/h3>\n\n\n\n<p class=\"has-text-align-center text-reveal-s\">Tecnolog\u00edas avanzadas integradas en todas las fases de dise\u00f1o y producci\u00f3n.<\/p>\n\n<\/div><\/div>\n\n<div class=\"gb-grid-column gb-grid-column-9d94a8cc\"><div class=\"gb-container gb-container-9d94a8cc\">\n<div class=\"gb-container gb-container-17614f96 image-container\">\n<div class=\"wp-block-image is-style-default fade-in-s\">\n<figure class=\"aligncenter size-large is-resized\"><img loading=\"lazy\" decoding=\"async\" width=\"768\" height=\"1024\" src=\"https:\/\/cantierirenier.com\/wp-content\/uploads\/2024\/12\/WhatsApp-Image-2024-12-10-at-16.47.55-768x1024.jpeg\" alt=\"\" class=\"wp-image-68929\" style=\"aspect-ratio:3\/2;object-fit:cover;width:auto;height:300px\" srcset=\"https:\/\/cantierirenier.com\/wp-content\/uploads\/2024\/12\/WhatsApp-Image-2024-12-10-at-16.47.55-768x1024.jpeg 768w, https:\/\/cantierirenier.com\/wp-content\/uploads\/2024\/12\/WhatsApp-Image-2024-12-10-at-16.47.55-225x300.jpeg 225w, https:\/\/cantierirenier.com\/wp-content\/uploads\/2024\/12\/WhatsApp-Image-2024-12-10-at-16.47.55-1152x1536.jpeg 1152w, https:\/\/cantierirenier.com\/wp-content\/uploads\/2024\/12\/WhatsApp-Image-2024-12-10-at-16.47.55-1536x2048.jpeg 1536w, https:\/\/cantierirenier.com\/wp-content\/uploads\/2024\/12\/WhatsApp-Image-2024-12-10-at-16.47.55-9x12.jpeg 9w, https:\/\/cantierirenier.com\/wp-content\/uploads\/2024\/12\/WhatsApp-Image-2024-12-10-at-16.47.55-scaled.jpeg 1920w\" sizes=\"auto, (max-width: 768px) 100vw, 768px\" \/><\/figure>\n<\/div>\n<\/div>\n\n\n<h3 class=\"wp-block-heading has-text-align-center text-reveal-s\">Pasi\u00f3n por el mar<\/h3>\n\n\n\n<p class=\"has-text-align-center text-reveal-s\">Una filosof\u00eda nacida del amor al mar, compartida por todos los miembros de nuestro equipo.<\/p>\n\n<\/div><\/div>\n<\/div>\n<\/div>\n\n<div class=\"gb-container gb-container-f445b8ed smooth-img  alignfull\">\n<div class=\"gb-container gb-container-4886b1c9 scroll-images-section\"><\/div>\n<\/div>\n\n<div class=\"gb-container gb-container-24d4edb5\">\n\n<h2 class=\"wp-block-heading has-text-align-center text-reveal-s\">Luigi Renier<\/h2>\n\n\n<div class=\"gb-container gb-container-1fd184f1\">\n\n<p class=\"has-text-align-center\">Palermo, nacido en Palermo en 1976, siempre ha estado en el mundo n\u00e1utico, un apasionado marinero con gran experiencia de navegaci\u00f3n. Despu\u00e9s de a\u00f1os en el sector n\u00e1utico en varias capacidades como distribuidor, gerente de ventas para una serie de astilleros, consultor de productos para marcas de renombre, en 2014 decidi\u00f3 comenzar a construir sus propios barcos inflables, con el objetivo de crear productos Ic\u00f3nicos con dise\u00f1o atemporal, excelentes cascos, garantizando una gran comodidad a bordo con funcionalidades especiales y perfectamente integradas.<\/p>\n\n<\/div>\n<\/div>\n\n<div class=\"gb-container gb-container-a0613acc panel-invert\">\n<div class=\"gb-grid-wrapper gb-grid-wrapper-b7030069\">\n<div class=\"gb-grid-column gb-grid-column-0b6c4859\"><div class=\"gb-container gb-container-0b6c4859 text-reveal\">\n<div class=\"gb-container gb-container-6fc84b40\">\n\n<h2 class=\"wp-block-heading text-reveal-s\">Sinergia entre experiencia e innovaci\u00f3n<\/h2>\n\n<\/div>\n\n\n<p class=\"text-reveal-s\">La fuerza de Cantieri Renier reside en un equipo muy unido de dise\u00f1adores, ingenieros y artesanos experimentados, todos unidos por el mismo <strong>pasi\u00f3n por el mar<\/strong>. <\/p>\n\n\n\n<p class=\"text-reveal-s\">El dise\u00f1o de nuestras embarcaciones neum\u00e1ticas es el resultado de un equilibrio perfecto entre <strong>la experiencia de Luigi Renier<\/strong>gran entusiasta y <strong>primer usuario de barcos<\/strong>y los conocimientos t\u00e9cnicos de dise\u00f1adores e ingenieros altamente cualificados.<\/p>\n\n<\/div><\/div>\n\n<div class=\"gb-grid-column gb-grid-column-d11c7a93\"><div class=\"gb-container gb-container-d11c7a93 image-container\">\n\n<figure class=\"wp-block-image size-full fade-in-s\"><img loading=\"lazy\" decoding=\"async\" width=\"1179\" height=\"1478\" src=\"https:\/\/cantierirenier.com\/wp-content\/uploads\/2024\/12\/Cantieri-Renier.jpeg\" alt=\"\" class=\"wp-image-68923\" srcset=\"https:\/\/cantierirenier.com\/wp-content\/uploads\/2024\/12\/Cantieri-Renier.jpeg 1179w, https:\/\/cantierirenier.com\/wp-content\/uploads\/2024\/12\/Cantieri-Renier-239x300.jpeg 239w, https:\/\/cantierirenier.com\/wp-content\/uploads\/2024\/12\/Cantieri-Renier-817x1024.jpeg 817w, https:\/\/cantierirenier.com\/wp-content\/uploads\/2024\/12\/Cantieri-Renier-768x963.jpeg 768w, https:\/\/cantierirenier.com\/wp-content\/uploads\/2024\/12\/Cantieri-Renier-10x12.jpeg 10w\" sizes=\"auto, (max-width: 1179px) 100vw, 1179px\" \/><\/figure>\n\n<\/div><\/div>\n<\/div>\n<\/div>\n\n<div class=\"gb-container gb-container-b46e6d7d\">\n<div class=\"gb-grid-wrapper gb-grid-wrapper-ae655c1a\">\n<div class=\"gb-grid-column gb-grid-column-693db9fc\"><div class=\"gb-container gb-container-693db9fc\">\n<div class=\"gb-container gb-container-46768ceb image-container\">\n\n<figure class=\"wp-block-image size-full fade-in-s\"><img loading=\"lazy\" decoding=\"async\" width=\"1920\" height=\"2560\" src=\"https:\/\/cantierirenier.com\/wp-content\/uploads\/2024\/09\/R11-BR-4.jpg\" alt=\"\" class=\"wp-image-68366\" style=\"object-fit:cover\" srcset=\"https:\/\/cantierirenier.com\/wp-content\/uploads\/2024\/09\/R11-BR-4.jpg 1920w, https:\/\/cantierirenier.com\/wp-content\/uploads\/2024\/09\/R11-BR-4-225x300.jpg 225w, https:\/\/cantierirenier.com\/wp-content\/uploads\/2024\/09\/R11-BR-4-768x1024.jpg 768w, https:\/\/cantierirenier.com\/wp-content\/uploads\/2024\/09\/R11-BR-4-1152x1536.jpg 1152w, https:\/\/cantierirenier.com\/wp-content\/uploads\/2024\/09\/R11-BR-4-1536x2048.jpg 1536w\" sizes=\"auto, (max-width: 1920px) 100vw, 1920px\" \/><\/figure>\n\n<\/div>\n\n<div class=\"gb-container gb-container-dea76ccd image-container\"><\/div>\n\n<div class=\"gb-grid-wrapper gb-grid-wrapper-012c2cca\">\n<div class=\"gb-grid-column gb-grid-column-f40e9f3a\"><div class=\"gb-container gb-container-f40e9f3a image-container\">\n\n<figure class=\"wp-block-image size-full fade-in-s\"><img loading=\"lazy\" decoding=\"async\" width=\"1920\" height=\"1440\" src=\"https:\/\/cantierirenier.com\/wp-content\/uploads\/2024\/08\/IMG_4446.jpeg\" alt=\"\" class=\"wp-image-68736\" style=\"object-fit:cover\" srcset=\"https:\/\/cantierirenier.com\/wp-content\/uploads\/2024\/08\/IMG_4446.jpeg 1920w, https:\/\/cantierirenier.com\/wp-content\/uploads\/2024\/08\/IMG_4446-300x225.jpeg 300w, https:\/\/cantierirenier.com\/wp-content\/uploads\/2024\/08\/IMG_4446-1024x768.jpeg 1024w, https:\/\/cantierirenier.com\/wp-content\/uploads\/2024\/08\/IMG_4446-768x576.jpeg 768w, https:\/\/cantierirenier.com\/wp-content\/uploads\/2024\/08\/IMG_4446-1536x1152.jpeg 1536w\" sizes=\"auto, (max-width: 1920px) 100vw, 1920px\" \/><\/figure>\n\n<\/div><\/div>\n\n<div class=\"gb-grid-column gb-grid-column-ccadd442\"><div class=\"gb-container gb-container-ccadd442 image-container\">\n\n<figure class=\"wp-block-image size-full fade-in-s\"><img loading=\"lazy\" decoding=\"async\" width=\"1920\" height=\"1440\" src=\"https:\/\/cantierirenier.com\/wp-content\/uploads\/2024\/12\/Catieri-Renier-1-1.jpg\" alt=\"\" class=\"wp-image-69001\" style=\"object-fit:cover\" srcset=\"https:\/\/cantierirenier.com\/wp-content\/uploads\/2024\/12\/Catieri-Renier-1-1.jpg 1920w, https:\/\/cantierirenier.com\/wp-content\/uploads\/2024\/12\/Catieri-Renier-1-1-300x225.jpg 300w, https:\/\/cantierirenier.com\/wp-content\/uploads\/2024\/12\/Catieri-Renier-1-1-1024x768.jpg 1024w, https:\/\/cantierirenier.com\/wp-content\/uploads\/2024\/12\/Catieri-Renier-1-1-768x576.jpg 768w, https:\/\/cantierirenier.com\/wp-content\/uploads\/2024\/12\/Catieri-Renier-1-1-1536x1152.jpg 1536w, https:\/\/cantierirenier.com\/wp-content\/uploads\/2024\/12\/Catieri-Renier-1-1-16x12.jpg 16w\" sizes=\"auto, (max-width: 1920px) 100vw, 1920px\" \/><\/figure>\n\n<\/div><\/div>\n<\/div>\n<\/div><\/div>\n\n<div class=\"gb-grid-column gb-grid-column-9959559d\"><div class=\"gb-container gb-container-9959559d\">\n<div class=\"gb-container gb-container-944521c4 image-container\">\n\n<figure class=\"wp-block-image size-full fade-in-s\"><img loading=\"lazy\" decoding=\"async\" width=\"1920\" height=\"1280\" src=\"https:\/\/cantierirenier.com\/wp-content\/uploads\/2024\/08\/527A8050.jpg\" alt=\"\" class=\"wp-image-68764\" srcset=\"https:\/\/cantierirenier.com\/wp-content\/uploads\/2024\/08\/527A8050.jpg 1920w, https:\/\/cantierirenier.com\/wp-content\/uploads\/2024\/08\/527A8050-300x200.jpg 300w, https:\/\/cantierirenier.com\/wp-content\/uploads\/2024\/08\/527A8050-1024x683.jpg 1024w, https:\/\/cantierirenier.com\/wp-content\/uploads\/2024\/08\/527A8050-768x512.jpg 768w, https:\/\/cantierirenier.com\/wp-content\/uploads\/2024\/08\/527A8050-1536x1024.jpg 1536w\" sizes=\"auto, (max-width: 1920px) 100vw, 1920px\" \/><\/figure>\n\n<\/div>\n\n<div class=\"gb-container gb-container-6a97d794\">\n<div class=\"gb-container gb-container-96b7daab\">\n\n<div class=\"wp-block-group text-reveal-s\"><div class=\"wp-block-group__inner-container is-layout-constrained wp-block-group-is-layout-constrained\"><div class=\"gb-container gb-container-f856ba36\">\n\n<h2 class=\"wp-block-heading text-reveal-s\"><strong>Excelencia en cada detalle<\/strong><\/h2>\n\n<\/div>\n\n\n<div class=\"wp-block-group text-reveal-s\"><div class=\"wp-block-group__inner-container is-layout-constrained wp-block-group-is-layout-constrained\">\n<p>Cada barco Renier est\u00e1 dise\u00f1ado para ofrecer <strong>una experiencia de navegaci\u00f3n inigualable<\/strong>. <\/p>\n\n\n\n<p>Nuestra misi\u00f3n es crear barcos que combinen <strong>rendimiento superior<\/strong>, <strong>confort<\/strong> e <strong>dise\u00f1o elegante<\/strong>. <\/p>\n\n\n\n<p>Este compromiso nos impulsa a mejorar constantemente nuestros procesos, manteniendo la esencia artesanal y personalizable que nos distingue.<\/p>\n<\/div><\/div>\n\n\n\n<ul class=\"wp-block-list text-reveal-s\">\n<li><strong>Artesan\u00eda moderna<\/strong>Producci\u00f3n limitada para garantizar la calidad y el cuidado de los detalles.<\/li>\n\n\n\n<li><strong>Dise\u00f1o a medida<\/strong>: Cada cliente puede personalizar su embarcaci\u00f3n para hacerla \u00fanica.<\/li>\n\n\n\n<li><strong>Innovaci\u00f3n continua<\/strong>: Invertimos constantemente en nuevas tecnolog\u00edas para mejorar el rendimiento y la fiabilidad.<\/li>\n<\/ul>\n\n\n\n<div style=\"height:30px\" aria-hidden=\"true\" class=\"wp-block-spacer\"><\/div>\n\n\n\n<div class=\"wp-block-buttons button-reveal-s is-layout-flex wp-block-buttons-is-layout-flex\">\n<div class=\"wp-block-button s-button\"><a class=\"wp-block-button__link wp-element-button\" href=\"\/es\/modelo\/\">Nuestros modelos<\/a><\/div>\n<\/div>\n<\/div><\/div>\n\n<\/div>\n<\/div>\n<\/div><\/div>\n<\/div>\n<\/div>\n\n<div class=\"gb-container gb-container-67a77e38\">\n<div class=\"gb-grid-wrapper gb-grid-wrapper-ecb43433 column-mobile\">\n<div class=\"gb-grid-column gb-grid-column-77a21e09\"><div class=\"gb-container gb-container-77a21e09\">\n<div class=\"gb-container gb-container-afb2a1e6\">\n\n<h2 class=\"wp-block-heading text-reveal-s\">Dise\u00f1o y experiencia sin concesiones<\/h2>\n\n\n\n<div class=\"wp-block-group text-reveal-s\"><div class=\"wp-block-group__inner-container is-layout-constrained wp-block-group-is-layout-constrained\">\n<p>Cada modelo Renier nace de la creatividad de <strong>Luigi Renier<\/strong>junto con un equipo de dise\u00f1adores e ingenieros experimentados. <\/p>\n\n\n\n<p>Partimos de simples bocetos sobre papel y llegamos a soluciones innovadoras que combinan un dise\u00f1o distintivo, un rendimiento excelente y un confort sin igual. <\/p>\n\n\n\n<p>Nuestro dise\u00f1o se basa en una combinaci\u00f3n equilibrada de los <strong>visi\u00f3n del fundador<\/strong> y el <strong>los conocimientos t\u00e9cnicos de un equipo altamente cualificado<\/strong>.<\/p>\n\n\n\n<ul class=\"wp-block-list\">\n<li><strong>Colaboraci\u00f3n \u00fanica<\/strong>Luigi Renier trabaja directamente con el equipo t\u00e9cnico para garantizar que cada barco refleje su visi\u00f3n y filosof\u00eda.<\/li>\n\n\n\n<li><strong>Tecnolog\u00eda avanzada<\/strong>Utilizamos los programas inform\u00e1ticos de dise\u00f1o y simulaci\u00f3n m\u00e1s avanzados para optimizar todos los aspectos de la construcci\u00f3n.<\/li>\n\n\n\n<li><strong>Rigurosas pruebas de mar<\/strong>: Cada embarcaci\u00f3n se somete a pruebas exhaustivas en el mar para garantizar su rendimiento, seguridad y fiabilidad.<\/li>\n<\/ul>\n<\/div><\/div>\n\n\n<div class=\"gb-container gb-container-2406d392 image-container\">\n\n<figure class=\"wp-block-image size-large fade-in-s\"><img loading=\"lazy\" decoding=\"async\" width=\"1024\" height=\"683\" src=\"https:\/\/cantierirenier.com\/wp-content\/uploads\/2024\/09\/527A2648-1024x683.jpg\" alt=\"\" class=\"wp-image-68702\" srcset=\"https:\/\/cantierirenier.com\/wp-content\/uploads\/2024\/09\/527A2648-1024x683.jpg 1024w, https:\/\/cantierirenier.com\/wp-content\/uploads\/2024\/09\/527A2648-300x200.jpg 300w, https:\/\/cantierirenier.com\/wp-content\/uploads\/2024\/09\/527A2648-768x512.jpg 768w, https:\/\/cantierirenier.com\/wp-content\/uploads\/2024\/09\/527A2648-1536x1024.jpg 1536w, https:\/\/cantierirenier.com\/wp-content\/uploads\/2024\/09\/527A2648.jpg 1920w\" sizes=\"auto, (max-width: 1024px) 100vw, 1024px\" \/><\/figure>\n\n<\/div>\n<\/div>\n<\/div><\/div>\n\n<div class=\"gb-grid-column gb-grid-column-011810f2\"><div class=\"gb-container gb-container-011810f2\">\n<div class=\"gb-container gb-container-b9100d73 image-container\">\n<div class=\"wp-block-image fade-in-s\">\n<figure class=\"aligncenter size-large\"><img loading=\"lazy\" decoding=\"async\" width=\"683\" height=\"1024\" src=\"https:\/\/cantierirenier.com\/wp-content\/uploads\/2024\/12\/DSC_9492-scaled-1-683x1024.jpg\" alt=\"\" class=\"wp-image-69167\" srcset=\"https:\/\/cantierirenier.com\/wp-content\/uploads\/2024\/12\/DSC_9492-scaled-1-683x1024.jpg 683w, https:\/\/cantierirenier.com\/wp-content\/uploads\/2024\/12\/DSC_9492-scaled-1-200x300.jpg 200w, https:\/\/cantierirenier.com\/wp-content\/uploads\/2024\/12\/DSC_9492-scaled-1-768x1151.jpg 768w, https:\/\/cantierirenier.com\/wp-content\/uploads\/2024\/12\/DSC_9492-scaled-1-1025x1536.jpg 1025w, https:\/\/cantierirenier.com\/wp-content\/uploads\/2024\/12\/DSC_9492-scaled-1-8x12.jpg 8w, https:\/\/cantierirenier.com\/wp-content\/uploads\/2024\/12\/DSC_9492-scaled-1.jpg 1200w\" sizes=\"auto, (max-width: 683px) 100vw, 683px\" \/><\/figure>\n<\/div>\n<\/div>\n<\/div><\/div>\n<\/div>\n<\/div>","protected":false},"excerpt":{"rendered":"<p>Astilleros Renier<\/p>","protected":false},"author":1,"featured_media":68359,"parent":0,"menu_order":0,"comment_status":"closed","ping_status":"closed","template":"custom\/custom-template.php","meta":{"_acf_changed":false,"footnotes":""},"class_list":["post-7","page","type-page","status-publish","has-post-thumbnail","hentry"],"acf":[],"_links":{"self":[{"href":"https:\/\/cantierirenier.com\/es\/wp-json\/wp\/v2\/pages\/7","targetHints":{"allow":["GET"]}}],"collection":[{"href":"https:\/\/cantierirenier.com\/es\/wp-json\/wp\/v2\/pages"}],"about":[{"href":"https:\/\/cantierirenier.com\/es\/wp-json\/wp\/v2\/types\/page"}],"author":[{"embeddable":true,"href":"https:\/\/cantierirenier.com\/es\/wp-json\/wp\/v2\/users\/1"}],"replies":[{"embeddable":true,"href":"https:\/\/cantierirenier.com\/es\/wp-json\/wp\/v2\/comments?post=7"}],"version-history":[{"count":143,"href":"https:\/\/cantierirenier.com\/es\/wp-json\/wp\/v2\/pages\/7\/revisions"}],"predecessor-version":[{"id":69705,"href":"https:\/\/cantierirenier.com\/es\/wp-json\/wp\/v2\/pages\/7\/revisions\/69705"}],"wp:featuredmedia":[{"embeddable":true,"href":"https:\/\/cantierirenier.com\/es\/wp-json\/wp\/v2\/media\/68359"}],"wp:attachment":[{"href":"https:\/\/cantierirenier.com\/es\/wp-json\/wp\/v2\/media?parent=7"}],"curies":[{"name":"wp","href":"https:\/\/api.w.org\/{rel}","templated":true}]}}