{"id":69610,"date":"2025-09-05T16:07:39","date_gmt":"2025-09-05T16:07:39","guid":{"rendered":"https:\/\/cantierirenier.com\/?page_id=69610"},"modified":"2025-09-05T16:07:39","modified_gmt":"2025-09-05T16:07:39","slug":"formulaire-cannes","status":"publish","type":"page","link":"https:\/\/cantierirenier.com\/fr\/form-cannes\/","title":{"rendered":"Formulaire Cannes"},"content":{"rendered":"<div class=\"gb-container gb-container-eadf4b5f\">\n<div class=\"gb-grid-wrapper gb-grid-wrapper-78354c64\">\n<div class=\"gb-grid-column gb-grid-column-b123ece2\"><div class=\"gb-container gb-container-b123ece2\">\n\n<h3 class=\"wp-block-heading has-text-align-center\">Customer contact<\/h3>\n\n\n<div class=\"wp-block-image\">\n<figure class=\"aligncenter size-full is-resized\"><img loading=\"lazy\" decoding=\"async\" width=\"375\" height=\"375\" src=\"https:\/\/cantierirenier.com\/wp-content\/uploads\/2025\/09\/CYF_logo-1.png\" alt=\"\" class=\"wp-image-69612\" style=\"width:193px;height:auto\" srcset=\"https:\/\/cantierirenier.com\/wp-content\/uploads\/2025\/09\/CYF_logo-1.png 375w, https:\/\/cantierirenier.com\/wp-content\/uploads\/2025\/09\/CYF_logo-1-300x300.png 300w, https:\/\/cantierirenier.com\/wp-content\/uploads\/2025\/09\/CYF_logo-1-150x150.png 150w, https:\/\/cantierirenier.com\/wp-content\/uploads\/2025\/09\/CYF_logo-1-12x12.png 12w\" sizes=\"auto, (max-width: 375px) 100vw, 375px\" \/><\/figure>\n<\/div>\n\n\n<hr class=\"wp-block-separator has-text-color has-alpha-channel-opacity has-background mb-2\" style=\"background-color:#0a20334d;color:#0a20334d\"\/>\n\n\n<style id=\"wpforms-css-vars-69614-block-3e5419cb-8e12-4bb8-abf8-4ed120229b76\">\n\t\t\t\t#wpforms-69614.wpforms-block-3e5419cb-8e12-4bb8-abf8-4ed120229b76 {\n\t\t\t\t--wpforms-label-color: #262626;\n--wpforms-label-sublabel-color: #7f7f7f;\n--wpforms-label-error-color: #ff0000;\n--wpforms-page-break-color: #dddddd;\n--wpforms-field-border-radius: 0px;\n--wpforms-field-border-color: #cccccc;\n--wpforms-field-border-color-spare: #cccccc;\n--wpforms-field-text-color: #444444;\n--wpforms-button-border-style: solid;\n--wpforms-button-border-radius: 0px;\n--wpforms-button-background-color: #dddddd;\n--wpforms-button-text-color: #666666;\n--wpforms-button-border-color: #cccccc;\n--wpforms-field-size-input-height: 43px;\n--wpforms-field-size-input-spacing: 15px;\n--wpforms-field-size-font-size: 16px;\n--wpforms-field-size-line-height: 19px;\n--wpforms-field-size-padding-h: 14px;\n--wpforms-field-size-checkbox-size: 16px;\n--wpforms-field-size-sublabel-spacing: 5px;\n--wpforms-field-size-icon-size: 1;\n--wpforms-label-size-font-size: 14px;\n--wpforms-label-size-line-height: 17px;\n--wpforms-label-size-sublabel-font-size: 13px;\n--wpforms-label-size-sublabel-line-height: 16px;\n--wpforms-button-size-font-size: 17px;\n--wpforms-button-size-height: 41px;\n--wpforms-button-size-padding-h: 15px;\n--wpforms-button-size-margin-top: 10px;\n--wpforms-container-shadow-size-box-shadow: none;\n\t\t\t}\n\t\t\t<\/style><div class=\"wpforms-container wpforms-container-full wpforms-block wpforms-block-3e5419cb-8e12-4bb8-abf8-4ed120229b76 wpforms-render-modern\" id=\"wpforms-69614\"><form id=\"wpforms-form-69614\" class=\"wpforms-validate wpforms-form wpforms-ajax-form\" data-formid=\"69614\" method=\"post\" enctype=\"multipart\/form-data\" action=\"\/fr\/wp-json\/wp\/v2\/pages\/69610\" data-token=\"c6b65553eb870993c9fdbdb99b8a726b\" data-token-time=\"1776510642\"><noscript class=\"wpforms-error-noscript\">Veuillez activer JavaScript dans votre navigateur pour remplir ce formulaire.<\/noscript><div id=\"wpforms-error-noscript\" style=\"display: none;\">Veuillez activer JavaScript dans votre navigateur pour remplir ce formulaire.<\/div><div class=\"wpforms-field-container\"><div id=\"wpforms-69614-field_1-container\" class=\"wpforms-field wpforms-field-name\" data-field-id=\"1\"><fieldset><legend class=\"wpforms-field-label\">Nome <span class=\"wpforms-required-label\" aria-hidden=\"true\">*<\/span><\/legend><div class=\"wpforms-field-row wpforms-field-large\"><div class=\"wpforms-field-row-block wpforms-first wpforms-one-half\"><input type=\"text\" id=\"wpforms-69614-field_1\" class=\"wpforms-field-name-first wpforms-field-required\" name=\"wpforms[fields][1][first]\" aria-errormessage=\"wpforms-69614-field_1-error\" required><label for=\"wpforms-69614-field_1\" class=\"wpforms-field-sublabel after\">Pr\u00e9nom<\/label><\/div><div class=\"wpforms-field-row-block wpforms-one-half\"><input type=\"text\" id=\"wpforms-69614-field_1-last\" class=\"wpforms-field-name-last wpforms-field-required\" name=\"wpforms[fields][1][last]\" aria-errormessage=\"wpforms-69614-field_1-last-error\" required><label for=\"wpforms-69614-field_1-last\" class=\"wpforms-field-sublabel after\">Nom<\/label><\/div><\/div><\/fieldset><\/div><div id=\"wpforms-69614-field_2-container\" class=\"wpforms-field wpforms-field-email\" data-field-id=\"2\"><label class=\"wpforms-field-label\" for=\"wpforms-69614-field_2\">Email <span class=\"wpforms-required-label\" aria-hidden=\"true\">*<\/span><\/label><input type=\"email\" id=\"wpforms-69614-field_2\" class=\"wpforms-field-large wpforms-field-required\" name=\"wpforms[fields][2]\" spellcheck=\"false\" aria-errormessage=\"wpforms-69614-field_2-error\" required><\/div><div id=\"wpforms-69614-field_5-container\" class=\"wpforms-field wpforms-field-phone\" data-field-id=\"5\"><label class=\"wpforms-field-label\" for=\"wpforms-69614-field_5\">Telefono <span class=\"wpforms-required-label\" aria-hidden=\"true\">*<\/span><\/label><input type=\"tel\" id=\"wpforms-69614-field_5\" class=\"wpforms-field-large wpforms-field-required wpforms-smart-phone-field\" data-rule-smart-phone-field=\"true\" name=\"wpforms[fields][5]\" aria-label=\"Telefono\" aria-errormessage=\"wpforms-69614-field_5-error\" required><\/div>\t\t<div id=\"wpforms-69614-field_4-container\"\n\t\t\tclass=\"wpforms-field wpforms-field-text\"\n\t\t\tdata-field-type=\"text\"\n\t\t\tdata-field-id=\"4\"\n\t\t\t>\n\t\t\t<label class=\"wpforms-field-label\" for=\"wpforms-69614-field_4\" >Nome Modello Note<\/label>\n\t\t\t<input type=\"text\" id=\"wpforms-69614-field_4\" class=\"wpforms-field-medium\" name=\"wpforms[fields][4]\" >\n\t\t<\/div>\n\t\t<div id=\"wpforms-69614-field_6-container\" class=\"wpforms-field wpforms-field-address\" data-field-id=\"6\"><fieldset><legend class=\"wpforms-field-label\">Indirizzo<\/legend><div class=\"wpforms-field-row wpforms-field-large\"><div ><input type=\"text\" id=\"wpforms-69614-field_6\" class=\"wpforms-field-address-address1\" name=\"wpforms[fields][6][address1]\" aria-errormessage=\"wpforms-69614-field_6-error\" ><label for=\"wpforms-69614-field_6\" class=\"wpforms-field-sublabel after\">Adresse ligne\u00a01<\/label><\/div><\/div><div class=\"wpforms-field-row wpforms-field-large\"><div class=\"wpforms-field-row-block wpforms-one-half wpforms-first\"><input type=\"text\" id=\"wpforms-69614-field_6-city\" class=\"wpforms-field-address-city\" name=\"wpforms[fields][6][city]\" aria-errormessage=\"wpforms-69614-field_6-city-error\" ><label for=\"wpforms-69614-field_6-city\" class=\"wpforms-field-sublabel after\">Ville<\/label><\/div><div class=\"wpforms-field-row-block wpforms-one-half\"><input type=\"text\" id=\"wpforms-69614-field_6-state\" class=\"wpforms-field-address-state\" name=\"wpforms[fields][6][state]\" aria-errormessage=\"wpforms-69614-field_6-state-error\" ><label for=\"wpforms-69614-field_6-state\" class=\"wpforms-field-sublabel after\">\u00c9tat \/ Province \/ R\u00e9gion<\/label><\/div><\/div><div class=\"wpforms-field-row wpforms-field-large\"><div class=\"wpforms-field-row-block wpforms-one-half\"><select id=\"wpforms-69614-field_6-country\" class=\"wpforms-field-address-country\" name=\"wpforms[fields][6][country]\" aria-errormessage=\"wpforms-69614-field_6-country-error\" ><option class=\"placeholder\" value=\"\" selected disabled>&#8212; S\u00e9lectionner\u00a0: country &#8212;<\/option><option value=\"AF\" >Afghanistan<\/option><option value=\"ZA\" >Afrique du Sud<\/option><option value=\"AL\" >Albanie<\/option><option value=\"DZ\" >Alg\u00e9rie<\/option><option value=\"DE\" >Allemagne<\/option><option value=\"AD\" >Andorre<\/option><option value=\"AO\" >Angola<\/option><option value=\"AI\" >Anguilla<\/option><option value=\"AQ\" >Antarctique<\/option><option value=\"AG\" >Antigua-et-Barbuda<\/option><option value=\"SA\" >Arabie Saoudite<\/option><option value=\"AR\" >Argentine<\/option><option value=\"AM\" >Arm\u00e9nie<\/option><option value=\"AW\" >Aruba<\/option><option value=\"AU\" >Australie<\/option><option value=\"AT\" >Autriche<\/option><option value=\"AZ\" >Azerba\u00efdjan<\/option><option value=\"BS\" >Bahamas<\/option><option value=\"BH\" >Bahre\u00efn<\/option><option value=\"BD\" >Bangladesh<\/option><option value=\"BB\" >Barbade<\/option><option value=\"BE\" >Belgique<\/option><option value=\"BZ\" >Belize<\/option><option value=\"BM\" >Bermudes<\/option><option value=\"BT\" >Bhoutan<\/option><option value=\"BY\" >Bi\u00e9lorussie<\/option><option value=\"BO\" >Bolivie (\u00c9tat plurinational de)<\/option><option value=\"BQ\" >Bonaire, Saint Eustatius and Saba<\/option><option value=\"BA\" >Bosnie-Herz\u00e9govine<\/option><option value=\"BW\" >Botswana<\/option><option value=\"BR\" >Br\u00e9sil<\/option><option value=\"BG\" >Bulgarie<\/option><option value=\"BF\" >Burkina Faso<\/option><option value=\"BI\" >Burundi<\/option><option value=\"BJ\" >B\u00e9nin<\/option><option value=\"KH\" >Cambodge<\/option><option value=\"CM\" >Cameroun<\/option><option value=\"CA\" >Canada<\/option><option value=\"CV\" >Cap-Vert<\/option><option value=\"CL\" >Chili<\/option><option value=\"CN\" >Chine<\/option><option value=\"CY\" >Chypre<\/option><option value=\"CO\" >Colombie<\/option><option value=\"KM\" >Comores<\/option><option value=\"CG\" >Congo<\/option><option value=\"CD\" >Congo (R\u00e9publique d\u00e9mocratique du)<\/option><option value=\"KR\" >Cor\u00e9e (R\u00e9publique de)<\/option><option value=\"KP\" >Cor\u00e9e (R\u00e9publique populaire d\u00e9mocratique de)<\/option><option value=\"CR\" >Costa Rica<\/option><option value=\"HR\" >Croatie<\/option><option value=\"CU\" >Cuba<\/option><option value=\"CW\" >Cura\u00e7ao<\/option><option value=\"CI\" >C\u00f4te d\u2019Ivoire<\/option><option value=\"DK\" >Danemark<\/option><option value=\"DJ\" >Djibouti<\/option><option value=\"DM\" >Dominique<\/option><option value=\"ES\" >Espagne<\/option><option value=\"EE\" >Estonie<\/option><option value=\"SZ\" >Eswatini (Royaume de)<\/option><option value=\"FJ\" >Fidji<\/option><option value=\"FI\" >Finlande<\/option><option value=\"FR\" >France<\/option><option value=\"RU\" >F\u00e9d\u00e9ration Russe<\/option><option value=\"GA\" >Gabon<\/option><option value=\"GM\" >Gambie<\/option><option value=\"GH\" >Ghana<\/option><option value=\"GI\" >Gibraltar<\/option><option value=\"GD\" >Grenade<\/option><option value=\"GL\" >Groenland<\/option><option value=\"GR\" >Gr\u00e8ce<\/option><option value=\"GP\" >Guadeloupe<\/option><option value=\"GU\" >Guam<\/option><option value=\"GT\" >Guatemala<\/option><option value=\"GG\" >Guernesey<\/option><option value=\"GN\" >Guin\u00e9e<\/option><option value=\"GQ\" >Guin\u00e9e \u00e9quatoriale<\/option><option value=\"GW\" >Guin\u00e9e-Bissau<\/option><option value=\"GF\" >Guyane<\/option><option value=\"GY\" >Guyane<\/option><option value=\"GE\" >G\u00e9orgie<\/option><option value=\"GS\" >G\u00e9orgie du Sud et \u00eeles Sandwich du Sud<\/option><option value=\"HT\" >Ha\u00efti<\/option><option value=\"HN\" >Honduras<\/option><option value=\"HK\" >Hong Kong<\/option><option value=\"HU\" >Hongrie<\/option><option value=\"IN\" >Inde<\/option><option value=\"ID\" >Indon\u00e9sie<\/option><option value=\"IQ\" >Irak<\/option><option value=\"IR\" >Iran (R\u00e9publique islamique d\u2019)<\/option><option value=\"IE\" >Irlande (R\u00e9publique d\u2019)<\/option><option value=\"IS\" >Islande<\/option><option value=\"IL\" >Isra\u00ebl<\/option><option value=\"IT\" >Italie<\/option><option value=\"JM\" >Jama\u00efque<\/option><option value=\"JP\" >Japon<\/option><option value=\"JE\" >Jersey<\/option><option value=\"JO\" >Jordanie<\/option><option value=\"KZ\" >Kazakhstan<\/option><option value=\"KE\" >Kenya<\/option><option value=\"KG\" >Kirghizistan<\/option><option value=\"KI\" >Kiribati<\/option><option value=\"XK\" >Kosovo<\/option><option value=\"KW\" >Kowe\u00eft<\/option><option value=\"RE\" >La R\u00e9union<\/option><option value=\"LS\" >Lesotho<\/option><option value=\"LV\" >Lettonie<\/option><option value=\"LB\" >Liban<\/option><option value=\"LR\" >Liberia<\/option><option value=\"LY\" >Libye<\/option><option value=\"LI\" >Liechtenstein<\/option><option value=\"LT\" >Lituanie<\/option><option value=\"LU\" >Luxembourg<\/option><option value=\"MO\" >Macao<\/option><option value=\"MK\" >Mac\u00e9doine du Nord (R\u00e9publique de)<\/option><option value=\"MG\" >Madagascar<\/option><option value=\"MY\" >Malaisie<\/option><option value=\"MW\" >Malawi<\/option><option value=\"MV\" >Maldives<\/option><option value=\"ML\" >Mali<\/option><option value=\"MT\" >Malte<\/option><option value=\"MA\" >Maroc<\/option><option value=\"MQ\" >Martinique<\/option><option value=\"MR\" >Mauritanie<\/option><option value=\"YT\" >Mayotte<\/option><option value=\"MX\" >Mexique<\/option><option value=\"FM\" >Micron\u00e9sie (\u00c9tats f\u00e9d\u00e9r\u00e9s de)<\/option><option value=\"MD\" >Moldova (R\u00e9publique de)<\/option><option value=\"MC\" >Monaco<\/option><option value=\"MN\" >Mongolie<\/option><option value=\"MS\" >Montserrat<\/option><option value=\"ME\" >Mont\u00e9n\u00e9gro<\/option><option value=\"MZ\" >Mozambique<\/option><option value=\"MM\" >Myanmar<\/option><option value=\"NA\" >Namibie<\/option><option value=\"NR\" >Nauru<\/option><option value=\"BN\" >Negara Brunei Darussalam<\/option><option value=\"NI\" >Nicaragua<\/option><option value=\"NE\" >Niger<\/option><option value=\"NG\" >Nig\u00e9ria<\/option><option value=\"NU\" >Niue<\/option><option value=\"NO\" >Norv\u00e8ge<\/option><option value=\"NC\" >Nouvelle-Cal\u00e9donie<\/option><option value=\"NZ\" >Nouvelle-Z\u00e9lande<\/option><option value=\"NP\" >N\u00e9pal<\/option><option value=\"OM\" >Oman<\/option><option value=\"UG\" >Ouganda<\/option><option value=\"UZ\" >Ouzb\u00e9kistan<\/option><option value=\"PK\" >Pakistan<\/option><option value=\"PW\" >Palau<\/option><option value=\"PS\" >Palestine (\u00c9tat de)<\/option><option value=\"PA\" >Panama<\/option><option value=\"PG\" >Papouasie-Nouvelle-Guin\u00e9e<\/option><option value=\"PY\" >Paraguay<\/option><option value=\"NL\" >Pays-Bas<\/option><option value=\"PH\" >Philippines<\/option><option value=\"PL\" >Pologne<\/option><option value=\"PF\" >Polyn\u00e9sie fran\u00e7aise<\/option><option value=\"PR\" >Porto Rico<\/option><option value=\"PT\" >Portugal<\/option><option value=\"PE\" >P\u00e9rou<\/option><option value=\"QA\" >Qatar<\/option><option value=\"RO\" >Roumanie<\/option><option value=\"GB\" >Royaume-Uni de Grande-Bretagne et d\u2019Irlande du Nord<\/option><option value=\"RW\" >Rwanda<\/option><option value=\"SY\" >R\u00e9publique arabe syrienne<\/option><option value=\"CF\" >R\u00e9publique centrafricaine<\/option><option value=\"DO\" >R\u00e9publique dominicaine<\/option><option value=\"LA\" >R\u00e9publique d\u00e9mocratique populaire du Laos<\/option><option value=\"CZ\" >R\u00e9publique tch\u00e8que<\/option><option value=\"EH\" >Sahara occidental<\/option><option value=\"BL\" >Saint Barth\u00e9lemy<\/option><option value=\"PM\" >Saint Pierre et Miquelon<\/option><option value=\"KN\" >Saint-Christophe-et-Nevis<\/option><option value=\"SM\" >Saint-Marin<\/option><option value=\"MF\" >Saint-Martin (partie fran\u00e7aise)<\/option><option value=\"VC\" >Saint-Vincent-et-les Grenadines<\/option><option value=\"SH\" >Sainte-H\u00e9l\u00e8ne, Ascension et Tristan da Cunha<\/option><option value=\"LC\" >Sainte-Lucie<\/option><option value=\"SV\" >Salvador<\/option><option value=\"WS\" >Samoa<\/option><option value=\"AS\" >Samoa am\u00e9ricaines<\/option><option value=\"ST\" >Sao Tom\u00e9 et Principe<\/option><option value=\"RS\" >Serbie<\/option><option value=\"SC\" >Seychelles<\/option><option value=\"SL\" >Sierra Leone<\/option><option value=\"SG\" >Singapour<\/option><option value=\"SX\" >Sint Maarten (partie hollandaise)<\/option><option value=\"SK\" >Slovaquie<\/option><option value=\"SI\" >Slov\u00e9nie<\/option><option value=\"SO\" >Somalie<\/option><option value=\"SD\" >Soudan<\/option><option value=\"SS\" >Soudan du Sud<\/option><option value=\"LK\" >Sri Lanka<\/option><option value=\"CH\" >Suisse<\/option><option value=\"SR\" >Surinam<\/option><option value=\"SE\" >Su\u00e8de<\/option><option value=\"SN\" >S\u00e9n\u00e9gal<\/option><option value=\"TJ\" >Tadjikistan<\/option><option value=\"TW\" >Taiwan, R\u00e9publique de Chine<\/option><option value=\"TZ\" >Tanzanie (R\u00e9publique-Unie de)<\/option><option value=\"TD\" >Tchad<\/option><option value=\"TF\" >Terres Australes Fran\u00e7aises<\/option><option value=\"IO\" >Territoire britannique de l\u2019oc\u00e9an Indien<\/option><option value=\"TH\" >Tha\u00eflande<\/option><option value=\"TL\" >Timor oriental<\/option><option value=\"TG\" >Togo<\/option><option value=\"TK\" >Tokelau<\/option><option value=\"TO\" >Tonga<\/option><option value=\"TT\" >Trinit\u00e9 et Tobago<\/option><option value=\"TN\" >Tunisie<\/option><option value=\"TM\" >Turkm\u00e9nistan<\/option><option value=\"TR\" >Turquie<\/option><option value=\"TV\" >Tuvalu<\/option><option value=\"UA\" >Ukraine<\/option><option value=\"UY\" >Uruguay<\/option><option value=\"VU\" >Vanuatu<\/option><option value=\"VE\" >Venezuela (R\u00e9publique bolivarienne du)<\/option><option value=\"VN\" >Vietnam<\/option><option value=\"WF\" >Wallis et Futuna<\/option><option value=\"YE\" >Y\u00e9men<\/option><option value=\"ZM\" >Zambie<\/option><option value=\"ZW\" >Zimbabwe<\/option><option value=\"EG\" >\u00c9gypte<\/option><option value=\"AE\" >\u00c9mirats arabes unis<\/option><option value=\"EC\" >\u00c9quateur<\/option><option value=\"ER\" >\u00c9rythr\u00e9e<\/option><option value=\"VA\" >\u00c9tat de la cit\u00e9 du Vatican<\/option><option value=\"US\" >\u00c9tats-Unis d\u2019Am\u00e9rique<\/option><option value=\"ET\" >\u00c9thiopie<\/option><option value=\"BV\" >\u00cele Bouvet<\/option><option value=\"CX\" >\u00cele Christmas<\/option><option value=\"MU\" >\u00cele Maurice<\/option><option value=\"NF\" >\u00cele Norfolk<\/option><option value=\"IM\" >\u00cele de Man<\/option><option value=\"KY\" >\u00celes Ca\u00efmans<\/option><option value=\"CC\" >\u00celes Cocos (Keeling)<\/option><option value=\"CK\" >\u00celes Cook<\/option><option value=\"FK\" >\u00celes Falkland (Malvinas)<\/option><option value=\"FO\" >\u00celes F\u00e9ro\u00e9<\/option><option value=\"HM\" >\u00celes Heard et McDonald<\/option><option value=\"MP\" >\u00celes Mariannes du Nord<\/option><option value=\"MH\" >\u00celes Marshall<\/option><option value=\"PN\" >\u00celes Pitcairn<\/option><option value=\"SB\" >\u00celes Salomon<\/option><option value=\"TC\" >\u00celes Turques et Ca\u00efques<\/option><option value=\"VI\" >\u00celes Vierges (Am\u00e9ricaines)<\/option><option value=\"VG\" >\u00celes Vierges (Britanniques)<\/option><option value=\"SJ\" >\u00celes de Svalbard et Jan Mayen<\/option><option value=\"UM\" >\u00celes mineures am\u00e9ricaines<\/option><option value=\"AX\" >\u00celes \u00c5land<\/option><\/select><label for=\"wpforms-69614-field_6-country\" class=\"wpforms-field-sublabel after\">Pays<\/label><\/div><\/div><\/fieldset><\/div><div id=\"wpforms-69614-field_8-container\" class=\"wpforms-field wpforms-field-select wpforms-field-select-style-modern\" data-field-id=\"8\"><label class=\"wpforms-field-label\" for=\"wpforms-69614-field_8\">Modello <span class=\"wpforms-required-label\" aria-hidden=\"true\">*<\/span><\/label><select id=\"wpforms-69614-field_8\" class=\"wpforms-field-medium wpforms-field-required choicesjs-select\" data-size-class=\"wpforms-field-row wpforms-field-medium\" data-search-enabled=\"1\" name=\"wpforms[fields][8][]\" required=\"required\" multiple=\"multiple\"><option value=\"\" class=\"placeholder\" disabled >&#8212; Seleziona una Scelta &#8212;<\/option><option value=\"R6\"  class=\"choice-1 depth-1\"  >R6<\/option><option value=\"R7\"  class=\"choice-2 depth-1\"  >R7<\/option><option value=\"R8 FB\"  class=\"choice-3 depth-1\"  >R8 FB<\/option><option value=\"R8 T\"  class=\"choice-4 depth-1\"  >R8 T<\/option><option value=\"R8 EFB\"  class=\"choice-5 depth-1\"  >R8 EFB<\/option><option value=\"R9 FB\"  class=\"choice-6 depth-1\"  >R9 FB<\/option><option value=\"R9 EFB\"  class=\"choice-7 depth-1\"  >R9 EFB<\/option><option value=\"R9 T\"  class=\"choice-8 depth-1\"  >R9 T<\/option><option value=\"R10 FB\"  class=\"choice-9 depth-1\"  >R10 FB<\/option><option value=\"R10 EFB\"  class=\"choice-10 depth-1\"  >R10 EFB<\/option><option value=\"R10 CT\"  class=\"choice-11 depth-1\"  >R10 CT<\/option><option value=\"R11 FB\"  class=\"choice-12 depth-1\"  >R11 FB<\/option><option value=\"R11 EFB\"  class=\"choice-13 depth-1\"  >R11 EFB<\/option><option value=\"R11 BR\"  class=\"choice-15 depth-1\"  >R11 BR<\/option><option value=\"R12 FB\"  class=\"choice-16 depth-1\"  >R12 FB<\/option><option value=\"R12 EFB\"  class=\"choice-17 depth-1\"  >R12 EFB<\/option><option value=\"R12 BR\"  class=\"choice-18 depth-1\"  >R12 BR<\/option><\/select><\/div><div id=\"wpforms-69614-field_9-container\" class=\"wpforms-field wpforms-field-select wpforms-field-select-style-modern\" data-field-id=\"9\"><label class=\"wpforms-field-label\" for=\"wpforms-69614-field_9\">Dealer <span class=\"wpforms-required-label\" aria-hidden=\"true\">*<\/span><\/label><select id=\"wpforms-69614-field_9\" class=\"wpforms-field-medium wpforms-field-required choicesjs-select\" data-size-class=\"wpforms-field-row wpforms-field-medium\" data-search-enabled=\"\" name=\"wpforms[fields][9]\" required=\"required\"><option value=\"\" class=\"placeholder\" disabled  selected='selected'>&#8212; Seleziona una Scelta &#8212;<\/option><option value=\"Luigi\"  class=\"choice-1 depth-1\"  >Luigi<\/option><option value=\"Pascal\"  class=\"choice-2 depth-1\"  >Pascal<\/option><option value=\"Tony\"  class=\"choice-3 depth-1\"  >Tony<\/option><\/select><\/div><div id=\"wpforms-69614-field_3-container\" class=\"wpforms-field wpforms-field-textarea\" data-field-id=\"3\"><label class=\"wpforms-field-label\" for=\"wpforms-69614-field_3\">Note<\/label><textarea id=\"wpforms-69614-field_3\" class=\"wpforms-field-medium\" name=\"wpforms[fields][3]\" aria-errormessage=\"wpforms-69614-field_3-error\" ><\/textarea><\/div><script>\n\t\t\t\t( function() {\n\t\t\t\t\tconst style = document.createElement( 'style' );\n\t\t\t\t\tstyle.appendChild( document.createTextNode( '#wpforms-69614-field_4-container { position: absolute !important; overflow: hidden !important; display: inline !important; height: 1px !important; width: 1px !important; z-index: -1000 !important; padding: 0 !important; } #wpforms-69614-field_4-container input { visibility: hidden; } #wpforms-conversational-form-page #wpforms-69614-field_4-container label { counter-increment: none; }' ) );\n\t\t\t\t\tdocument.head.appendChild( style );\n\t\t\t\t\tdocument.currentScript?.remove();\n\t\t\t\t} )();\n\t\t\t<\/script><\/div><!-- .wpforms-field-container --><div class=\"wpforms-submit-container\" ><input type=\"hidden\" name=\"wpforms[id]\" value=\"69614\"><input type=\"hidden\" name=\"page_title\" value=\"\"><input type=\"hidden\" name=\"page_url\" value=\"https:\/\/cantierirenier.com\/fr\/wp-json\/wp\/v2\/pages\/69610\"><input type=\"hidden\" name=\"url_referer\" value=\"\"><button type=\"submit\" name=\"wpforms[submit]\" id=\"wpforms-submit-69614\" class=\"wpforms-submit\" data-alt-text=\"Invio in corso...\" data-submit-text=\"Invia\" aria-live=\"assertive\" value=\"wpforms-submit\">Invia<\/button><img loading=\"lazy\" decoding=\"async\" src=\"https:\/\/cantierirenier.com\/wp-content\/plugins\/wpforms\/assets\/images\/submit-spin.svg\" class=\"wpforms-submit-spinner\" style=\"display: none;\" width=\"26\" height=\"26\" alt=\"Chargement en cours\"><\/div><input type=\"hidden\" id=\"ct_checkjs_wpforms_9cc138f8dc04cbf16240daa92d8d50e2\" name=\"ct_checkjs_wpforms\" value=\"0\" \/><script>setTimeout(function(){var ct_input_name = \"ct_checkjs_wpforms_9cc138f8dc04cbf16240daa92d8d50e2\";if (document.getElementById(ct_input_name) !== null) {var ct_input_value = document.getElementById(ct_input_name).value;document.getElementById(ct_input_name).value = document.getElementById(ct_input_name).value.replace(ct_input_value, '1686980369');}}, 1000);<\/script><input\n                    class=\"apbct_special_field apbct_email_id__wp_wpforms\"\n                    name=\"apbct__email_id__wp_wpforms\"\n                    aria-label=\"apbct__label_id__wp_wpforms\"\n                    type=\"text\" size=\"30\" maxlength=\"200\" autocomplete=\"off\"\n                    value=\"\"\n                \/><\/form><\/div>  <!-- .wpforms-container -->\n<\/div><\/div>\n<\/div>\n<\/div>\n\n\n<p><\/p>\n","protected":false},"excerpt":{"rendered":"","protected":false},"author":2,"featured_media":69253,"parent":0,"menu_order":0,"comment_status":"closed","ping_status":"closed","template":"","meta":{"_acf_changed":false,"footnotes":""},"class_list":["post-69610","page","type-page","status-publish","has-post-thumbnail","hentry"],"acf":[],"_links":{"self":[{"href":"https:\/\/cantierirenier.com\/fr\/wp-json\/wp\/v2\/pages\/69610","targetHints":{"allow":["GET"]}}],"collection":[{"href":"https:\/\/cantierirenier.com\/fr\/wp-json\/wp\/v2\/pages"}],"about":[{"href":"https:\/\/cantierirenier.com\/fr\/wp-json\/wp\/v2\/types\/page"}],"author":[{"embeddable":true,"href":"https:\/\/cantierirenier.com\/fr\/wp-json\/wp\/v2\/users\/2"}],"replies":[{"embeddable":true,"href":"https:\/\/cantierirenier.com\/fr\/wp-json\/wp\/v2\/comments?post=69610"}],"version-history":[{"count":2,"href":"https:\/\/cantierirenier.com\/fr\/wp-json\/wp\/v2\/pages\/69610\/revisions"}],"predecessor-version":[{"id":69626,"href":"https:\/\/cantierirenier.com\/fr\/wp-json\/wp\/v2\/pages\/69610\/revisions\/69626"}],"wp:featuredmedia":[{"embeddable":true,"href":"https:\/\/cantierirenier.com\/fr\/wp-json\/wp\/v2\/media\/69253"}],"wp:attachment":[{"href":"https:\/\/cantierirenier.com\/fr\/wp-json\/wp\/v2\/media?parent=69610"}],"curies":[{"name":"wp","href":"https:\/\/api.w.org\/{rel}","templated":true}]}}