{"id":7,"date":"2024-08-20T16:10:16","date_gmt":"2024-08-20T16:10:16","guid":{"rendered":"http:\/\/localhost:10169\/?page_id=7"},"modified":"2026-01-15T11:01:26","modified_gmt":"2026-01-15T11:01:26","slug":"entreprise","status":"publish","type":"page","link":"https:\/\/cantierirenier.com\/fr\/azienda\/","title":{"rendered":"Entreprise"},"content":{"rendered":"<div class=\"wp-block-cover alignfull is-light has-custom-content-position is-position-bottom-center\" style=\"min-height:55vh;aspect-ratio:unset;\"><img loading=\"lazy\" decoding=\"async\" width=\"1920\" height=\"1068\" class=\"wp-block-cover__image-background wp-image-69701 size-full\" alt=\"\" src=\"https:\/\/cantierirenier.com\/wp-content\/uploads\/2026\/01\/staff-header.jpg\" style=\"object-position:71% 83%\" data-object-fit=\"cover\" data-object-position=\"71% 83%\" srcset=\"https:\/\/cantierirenier.com\/wp-content\/uploads\/2026\/01\/staff-header.jpg 1920w, https:\/\/cantierirenier.com\/wp-content\/uploads\/2026\/01\/staff-header-300x167.jpg 300w, https:\/\/cantierirenier.com\/wp-content\/uploads\/2026\/01\/staff-header-1024x570.jpg 1024w, https:\/\/cantierirenier.com\/wp-content\/uploads\/2026\/01\/staff-header-768x427.jpg 768w, https:\/\/cantierirenier.com\/wp-content\/uploads\/2026\/01\/staff-header-1536x854.jpg 1536w, https:\/\/cantierirenier.com\/wp-content\/uploads\/2026\/01\/staff-header-18x10.jpg 18w\" sizes=\"auto, (max-width: 1920px) 100vw, 1920px\" \/><span aria-hidden=\"true\" class=\"wp-block-cover__background has-black-background-color has-background-dim-10 has-background-dim\"><\/span><div class=\"wp-block-cover__inner-container is-layout-constrained wp-block-cover-is-layout-constrained\"><div class=\"gb-container gb-container-f861960c\">\n\n<h1 class=\"wp-block-heading has-text-align-center text-reveal\"><\/h1>\n\n\n\n<p class=\"has-text-align-center text-reveal\"><\/p>\n\n<\/div><\/div><\/div>\n\n\n<div class=\"gb-container gb-container-f98308f7\">\n<div class=\"gb-grid-wrapper gb-grid-wrapper-e143fbe8\">\n<div class=\"gb-grid-column gb-grid-column-0a7293bc\"><div class=\"gb-container gb-container-0a7293bc text-reveal\">\n<div class=\"gb-container gb-container-b4589410\">\n\n<h2 class=\"wp-block-heading text-reveal\">40 ans d'histoire, un avenir d'innovation<\/h2>\n\n<\/div>\n\n\n<p class=\"text-reveal\">Fond\u00e9e sur une passion inn\u00e9e pour la mer, <strong>Chantiers navals de Renier<\/strong> perp\u00e9tue une tradition d'excellence et d'artisanat qui remonte \u00e0 l'\u00e9poque de la cr\u00e9ation de l'entreprise. <strong>plus de 40 ans<\/strong>.<\/p>\n\n\n\n<p class=\"text-reveal\">Chaque bateau est le r\u00e9sultat d'un long processus de <strong>l'innovation<\/strong> e <strong>d\u00e9vouement<\/strong>guid\u00e9e par l'exp\u00e9rience et la vision de <strong>Luigi Renier<\/strong>.<\/p>\n\n<\/div><\/div>\n\n<div class=\"gb-grid-column gb-grid-column-4342bf8a\"><div class=\"gb-container gb-container-4342bf8a image-container\">\n\n<figure class=\"wp-block-image size-full fade-in-s\"><img loading=\"lazy\" decoding=\"async\" width=\"1920\" height=\"1279\" src=\"https:\/\/cantierirenier.com\/wp-content\/uploads\/2024\/09\/R10-Cabin-Tourer.jpg\" alt=\"\" class=\"wp-image-68391\" srcset=\"https:\/\/cantierirenier.com\/wp-content\/uploads\/2024\/09\/R10-Cabin-Tourer.jpg 1920w, https:\/\/cantierirenier.com\/wp-content\/uploads\/2024\/09\/R10-Cabin-Tourer-300x200.jpg 300w, https:\/\/cantierirenier.com\/wp-content\/uploads\/2024\/09\/R10-Cabin-Tourer-1024x682.jpg 1024w, https:\/\/cantierirenier.com\/wp-content\/uploads\/2024\/09\/R10-Cabin-Tourer-768x512.jpg 768w, https:\/\/cantierirenier.com\/wp-content\/uploads\/2024\/09\/R10-Cabin-Tourer-1536x1023.jpg 1536w\" sizes=\"auto, (max-width: 1920px) 100vw, 1920px\" \/><\/figure>\n\n<\/div><\/div>\n<\/div>\n<\/div>\n\n<div class=\"gb-container gb-container-45413f45\">\n<div class=\"gb-grid-wrapper gb-grid-wrapper-4e8d0b89\">\n<div class=\"gb-grid-column gb-grid-column-42c505c9\"><div class=\"gb-container gb-container-42c505c9\">\n<div class=\"gb-container gb-container-649e436a image-container\">\n<div class=\"wp-block-image is-style-default fade-in-s\">\n<figure class=\"aligncenter size-full is-resized\"><img loading=\"lazy\" decoding=\"async\" width=\"1920\" height=\"2560\" src=\"https:\/\/cantierirenier.com\/wp-content\/uploads\/2024\/10\/Cantieri-Renier-scaled.jpeg\" alt=\"\" class=\"wp-image-68551\" style=\"aspect-ratio:3\/2;object-fit:cover;width:auto;height:300px\" srcset=\"https:\/\/cantierirenier.com\/wp-content\/uploads\/2024\/10\/Cantieri-Renier-scaled.jpeg 1920w, https:\/\/cantierirenier.com\/wp-content\/uploads\/2024\/10\/Cantieri-Renier-225x300.jpeg 225w, https:\/\/cantierirenier.com\/wp-content\/uploads\/2024\/10\/Cantieri-Renier-768x1024.jpeg 768w, https:\/\/cantierirenier.com\/wp-content\/uploads\/2024\/10\/Cantieri-Renier-1152x1536.jpeg 1152w, https:\/\/cantierirenier.com\/wp-content\/uploads\/2024\/10\/Cantieri-Renier-1536x2048.jpeg 1536w\" sizes=\"auto, (max-width: 1920px) 100vw, 1920px\" \/><\/figure>\n<\/div>\n<\/div>\n\n\n<h3 class=\"wp-block-heading has-text-align-center text-reveal-s\">Exp\u00e9rience<\/h3>\n\n\n\n<p class=\"has-text-align-center text-reveal-s\">Plus de 40 ans d'exp\u00e9rience dans l'industrie nautique, avec une production artisanale qui fonctionne depuis plus d'une d\u00e9cennie.<\/p>\n\n<\/div><\/div>\n\n<div class=\"gb-grid-column gb-grid-column-2399fe1f\"><div class=\"gb-container gb-container-2399fe1f\">\n<div class=\"gb-container gb-container-c4e95bbb image-container\">\n<div class=\"wp-block-image is-style-default fade-in-s\">\n<figure class=\"aligncenter size-large is-resized\"><img loading=\"lazy\" decoding=\"async\" width=\"1024\" height=\"683\" src=\"https:\/\/cantierirenier.com\/wp-content\/uploads\/2024\/08\/527A7599-1024x683.jpg\" alt=\"\" class=\"wp-image-68747\" style=\"aspect-ratio:3\/2;object-fit:cover;width:auto;height:300px\" srcset=\"https:\/\/cantierirenier.com\/wp-content\/uploads\/2024\/08\/527A7599-1024x683.jpg 1024w, https:\/\/cantierirenier.com\/wp-content\/uploads\/2024\/08\/527A7599-300x200.jpg 300w, https:\/\/cantierirenier.com\/wp-content\/uploads\/2024\/08\/527A7599-768x512.jpg 768w, https:\/\/cantierirenier.com\/wp-content\/uploads\/2024\/08\/527A7599-1536x1024.jpg 1536w, https:\/\/cantierirenier.com\/wp-content\/uploads\/2024\/08\/527A7599.jpg 1920w\" sizes=\"auto, (max-width: 1024px) 100vw, 1024px\" \/><\/figure>\n<\/div>\n<\/div>\n\n\n<h3 class=\"wp-block-heading has-text-align-center text-reveal-s\"><strong>L'innovation<\/strong><\/h3>\n\n\n\n<p class=\"has-text-align-center text-reveal-s\">Des technologies de pointe int\u00e9gr\u00e9es \u00e0 chaque \u00e9tape de la conception et de la production.<\/p>\n\n<\/div><\/div>\n\n<div class=\"gb-grid-column gb-grid-column-9d94a8cc\"><div class=\"gb-container gb-container-9d94a8cc\">\n<div class=\"gb-container gb-container-17614f96 image-container\">\n<div class=\"wp-block-image is-style-default fade-in-s\">\n<figure class=\"aligncenter size-large is-resized\"><img loading=\"lazy\" decoding=\"async\" width=\"768\" height=\"1024\" src=\"https:\/\/cantierirenier.com\/wp-content\/uploads\/2024\/12\/WhatsApp-Image-2024-12-10-at-16.47.55-768x1024.jpeg\" alt=\"\" class=\"wp-image-68929\" style=\"aspect-ratio:3\/2;object-fit:cover;width:auto;height:300px\" srcset=\"https:\/\/cantierirenier.com\/wp-content\/uploads\/2024\/12\/WhatsApp-Image-2024-12-10-at-16.47.55-768x1024.jpeg 768w, https:\/\/cantierirenier.com\/wp-content\/uploads\/2024\/12\/WhatsApp-Image-2024-12-10-at-16.47.55-225x300.jpeg 225w, https:\/\/cantierirenier.com\/wp-content\/uploads\/2024\/12\/WhatsApp-Image-2024-12-10-at-16.47.55-1152x1536.jpeg 1152w, https:\/\/cantierirenier.com\/wp-content\/uploads\/2024\/12\/WhatsApp-Image-2024-12-10-at-16.47.55-1536x2048.jpeg 1536w, https:\/\/cantierirenier.com\/wp-content\/uploads\/2024\/12\/WhatsApp-Image-2024-12-10-at-16.47.55-9x12.jpeg 9w, https:\/\/cantierirenier.com\/wp-content\/uploads\/2024\/12\/WhatsApp-Image-2024-12-10-at-16.47.55-scaled.jpeg 1920w\" sizes=\"auto, (max-width: 768px) 100vw, 768px\" \/><\/figure>\n<\/div>\n<\/div>\n\n\n<h3 class=\"wp-block-heading has-text-align-center text-reveal-s\">La passion de la mer<\/h3>\n\n\n\n<p class=\"has-text-align-center text-reveal-s\">Une philosophie n\u00e9e de l'amour de la mer, partag\u00e9e par tous les membres de notre \u00e9quipe.<\/p>\n\n<\/div><\/div>\n<\/div>\n<\/div>\n\n<div class=\"gb-container gb-container-f445b8ed smooth-img  alignfull\">\n<div class=\"gb-container gb-container-4886b1c9 scroll-images-section\"><\/div>\n<\/div>\n\n<div class=\"gb-container gb-container-24d4edb5\">\n\n<h2 class=\"wp-block-heading has-text-align-center text-reveal-s\">Luigi Renier<\/h2>\n\n\n<div class=\"gb-container gb-container-1fd184f1\">\n\n<p class=\"has-text-align-center\">Apr\u00e8s des ann\u00e9es dans le secteur nautique en tant que concessionnaire, directeur des ventes pour plusieurs chantiers navals, consultant en produits pour des marques renomm\u00e9es, il a d\u00e9cid\u00e9 en 2014 de commencer \u00e0 construire ses propres bateaux pneumatiques, avec l'objectif de cr\u00e9er des produits iconiques avec un design intemporel, d'excellentes coques, garantissant un grand confort \u00e0 bord avec des fonctionnalit\u00e9s sp\u00e9ciales et parfaitement int\u00e9gr\u00e9es.<\/p>\n\n<\/div>\n<\/div>\n\n<div class=\"gb-container gb-container-a0613acc panel-invert\">\n<div class=\"gb-grid-wrapper gb-grid-wrapper-b7030069\">\n<div class=\"gb-grid-column gb-grid-column-0b6c4859\"><div class=\"gb-container gb-container-0b6c4859 text-reveal\">\n<div class=\"gb-container gb-container-6fc84b40\">\n\n<h2 class=\"wp-block-heading text-reveal-s\">Une synergie entre exp\u00e9rience et innovation<\/h2>\n\n<\/div>\n\n\n<p class=\"text-reveal-s\">La force de Cantieri Renier r\u00e9side dans une \u00e9quipe soud\u00e9e de concepteurs, d'ing\u00e9nieurs et d'artisans exp\u00e9riment\u00e9s, tous unis par le m\u00eame souci de qualit\u00e9. <strong>la passion de la mer<\/strong>. <\/p>\n\n\n\n<p class=\"text-reveal-s\">La conception de nos bateaux pneumatiques est le r\u00e9sultat d'un \u00e9quilibre parfait entre <strong>l'exp\u00e9rience de Luigi Renier<\/strong>grand passionn\u00e9 et <strong>premier utilisateur de bateaux<\/strong>et l'expertise technique de concepteurs et d'ing\u00e9nieurs hautement qualifi\u00e9s.<\/p>\n\n<\/div><\/div>\n\n<div class=\"gb-grid-column gb-grid-column-d11c7a93\"><div class=\"gb-container gb-container-d11c7a93 image-container\">\n\n<figure class=\"wp-block-image size-full fade-in-s\"><img loading=\"lazy\" decoding=\"async\" width=\"1179\" height=\"1478\" src=\"https:\/\/cantierirenier.com\/wp-content\/uploads\/2024\/12\/Cantieri-Renier.jpeg\" alt=\"\" class=\"wp-image-68923\" srcset=\"https:\/\/cantierirenier.com\/wp-content\/uploads\/2024\/12\/Cantieri-Renier.jpeg 1179w, https:\/\/cantierirenier.com\/wp-content\/uploads\/2024\/12\/Cantieri-Renier-239x300.jpeg 239w, https:\/\/cantierirenier.com\/wp-content\/uploads\/2024\/12\/Cantieri-Renier-817x1024.jpeg 817w, https:\/\/cantierirenier.com\/wp-content\/uploads\/2024\/12\/Cantieri-Renier-768x963.jpeg 768w, https:\/\/cantierirenier.com\/wp-content\/uploads\/2024\/12\/Cantieri-Renier-10x12.jpeg 10w\" sizes=\"auto, (max-width: 1179px) 100vw, 1179px\" \/><\/figure>\n\n<\/div><\/div>\n<\/div>\n<\/div>\n\n<div class=\"gb-container gb-container-b46e6d7d\">\n<div class=\"gb-grid-wrapper gb-grid-wrapper-ae655c1a\">\n<div class=\"gb-grid-column gb-grid-column-693db9fc\"><div class=\"gb-container gb-container-693db9fc\">\n<div class=\"gb-container gb-container-46768ceb image-container\">\n\n<figure class=\"wp-block-image size-full fade-in-s\"><img loading=\"lazy\" decoding=\"async\" width=\"1920\" height=\"2560\" src=\"https:\/\/cantierirenier.com\/wp-content\/uploads\/2024\/09\/R11-BR-4.jpg\" alt=\"\" class=\"wp-image-68366\" style=\"object-fit:cover\" srcset=\"https:\/\/cantierirenier.com\/wp-content\/uploads\/2024\/09\/R11-BR-4.jpg 1920w, https:\/\/cantierirenier.com\/wp-content\/uploads\/2024\/09\/R11-BR-4-225x300.jpg 225w, https:\/\/cantierirenier.com\/wp-content\/uploads\/2024\/09\/R11-BR-4-768x1024.jpg 768w, https:\/\/cantierirenier.com\/wp-content\/uploads\/2024\/09\/R11-BR-4-1152x1536.jpg 1152w, https:\/\/cantierirenier.com\/wp-content\/uploads\/2024\/09\/R11-BR-4-1536x2048.jpg 1536w\" sizes=\"auto, (max-width: 1920px) 100vw, 1920px\" \/><\/figure>\n\n<\/div>\n\n<div class=\"gb-container gb-container-dea76ccd image-container\"><\/div>\n\n<div class=\"gb-grid-wrapper gb-grid-wrapper-012c2cca\">\n<div class=\"gb-grid-column gb-grid-column-f40e9f3a\"><div class=\"gb-container gb-container-f40e9f3a image-container\">\n\n<figure class=\"wp-block-image size-full fade-in-s\"><img loading=\"lazy\" decoding=\"async\" width=\"1920\" height=\"1440\" src=\"https:\/\/cantierirenier.com\/wp-content\/uploads\/2024\/08\/IMG_4446.jpeg\" alt=\"\" class=\"wp-image-68736\" style=\"object-fit:cover\" srcset=\"https:\/\/cantierirenier.com\/wp-content\/uploads\/2024\/08\/IMG_4446.jpeg 1920w, https:\/\/cantierirenier.com\/wp-content\/uploads\/2024\/08\/IMG_4446-300x225.jpeg 300w, https:\/\/cantierirenier.com\/wp-content\/uploads\/2024\/08\/IMG_4446-1024x768.jpeg 1024w, https:\/\/cantierirenier.com\/wp-content\/uploads\/2024\/08\/IMG_4446-768x576.jpeg 768w, https:\/\/cantierirenier.com\/wp-content\/uploads\/2024\/08\/IMG_4446-1536x1152.jpeg 1536w\" sizes=\"auto, (max-width: 1920px) 100vw, 1920px\" \/><\/figure>\n\n<\/div><\/div>\n\n<div class=\"gb-grid-column gb-grid-column-ccadd442\"><div class=\"gb-container gb-container-ccadd442 image-container\">\n\n<figure class=\"wp-block-image size-full fade-in-s\"><img loading=\"lazy\" decoding=\"async\" width=\"1920\" height=\"1440\" src=\"https:\/\/cantierirenier.com\/wp-content\/uploads\/2024\/12\/Catieri-Renier-1-1.jpg\" alt=\"\" class=\"wp-image-69001\" style=\"object-fit:cover\" srcset=\"https:\/\/cantierirenier.com\/wp-content\/uploads\/2024\/12\/Catieri-Renier-1-1.jpg 1920w, https:\/\/cantierirenier.com\/wp-content\/uploads\/2024\/12\/Catieri-Renier-1-1-300x225.jpg 300w, https:\/\/cantierirenier.com\/wp-content\/uploads\/2024\/12\/Catieri-Renier-1-1-1024x768.jpg 1024w, https:\/\/cantierirenier.com\/wp-content\/uploads\/2024\/12\/Catieri-Renier-1-1-768x576.jpg 768w, https:\/\/cantierirenier.com\/wp-content\/uploads\/2024\/12\/Catieri-Renier-1-1-1536x1152.jpg 1536w, https:\/\/cantierirenier.com\/wp-content\/uploads\/2024\/12\/Catieri-Renier-1-1-16x12.jpg 16w\" sizes=\"auto, (max-width: 1920px) 100vw, 1920px\" \/><\/figure>\n\n<\/div><\/div>\n<\/div>\n<\/div><\/div>\n\n<div class=\"gb-grid-column gb-grid-column-9959559d\"><div class=\"gb-container gb-container-9959559d\">\n<div class=\"gb-container gb-container-944521c4 image-container\">\n\n<figure class=\"wp-block-image size-full fade-in-s\"><img loading=\"lazy\" decoding=\"async\" width=\"1920\" height=\"1280\" src=\"https:\/\/cantierirenier.com\/wp-content\/uploads\/2024\/08\/527A8050.jpg\" alt=\"\" class=\"wp-image-68764\" srcset=\"https:\/\/cantierirenier.com\/wp-content\/uploads\/2024\/08\/527A8050.jpg 1920w, https:\/\/cantierirenier.com\/wp-content\/uploads\/2024\/08\/527A8050-300x200.jpg 300w, https:\/\/cantierirenier.com\/wp-content\/uploads\/2024\/08\/527A8050-1024x683.jpg 1024w, https:\/\/cantierirenier.com\/wp-content\/uploads\/2024\/08\/527A8050-768x512.jpg 768w, https:\/\/cantierirenier.com\/wp-content\/uploads\/2024\/08\/527A8050-1536x1024.jpg 1536w\" sizes=\"auto, (max-width: 1920px) 100vw, 1920px\" \/><\/figure>\n\n<\/div>\n\n<div class=\"gb-container gb-container-6a97d794\">\n<div class=\"gb-container gb-container-96b7daab\">\n\n<div class=\"wp-block-group text-reveal-s\"><div class=\"wp-block-group__inner-container is-layout-constrained wp-block-group-is-layout-constrained\"><div class=\"gb-container gb-container-f856ba36\">\n\n<h2 class=\"wp-block-heading text-reveal-s\"><strong>L'excellence dans les moindres d\u00e9tails<\/strong><\/h2>\n\n<\/div>\n\n\n<div class=\"wp-block-group text-reveal-s\"><div class=\"wp-block-group__inner-container is-layout-constrained wp-block-group-is-layout-constrained\">\n<p>Chaque bateau Renier est con\u00e7u pour offrir <strong>une exp\u00e9rience de navigation in\u00e9gal\u00e9e<\/strong>. <\/p>\n\n\n\n<p>Notre mission est de cr\u00e9er des bateaux qui combinent <strong>performance sup\u00e9rieure<\/strong>, <strong>le confort<\/strong> e <strong>design \u00e9l\u00e9gant<\/strong>. <\/p>\n\n\n\n<p>Cet engagement nous pousse \u00e0 am\u00e9liorer constamment nos processus, tout en conservant l'essence artisanale et personnalisable qui nous distingue.<\/p>\n<\/div><\/div>\n\n\n\n<ul class=\"wp-block-list text-reveal-s\">\n<li><strong>Artisanat moderne<\/strong>Les produits sont fabriqu\u00e9s en s\u00e9rie limit\u00e9e afin de garantir la qualit\u00e9 et l'attention port\u00e9e aux d\u00e9tails.<\/li>\n\n\n\n<li><strong>Conception sur mesure<\/strong>Les bateaux : Chaque client peut personnaliser son bateau afin de le rendre unique.<\/li>\n\n\n\n<li><strong>Innovation continue<\/strong>Nous investissons constamment dans de nouvelles technologies afin d'am\u00e9liorer les performances et la fiabilit\u00e9 de nos produits.<\/li>\n<\/ul>\n\n\n\n<div style=\"height:30px\" aria-hidden=\"true\" class=\"wp-block-spacer\"><\/div>\n\n\n\n<div class=\"wp-block-buttons button-reveal-s is-layout-flex wp-block-buttons-is-layout-flex\">\n<div class=\"wp-block-button s-button\"><a class=\"wp-block-button__link wp-element-button\" href=\"\/fr\/modele\/\">Nos mod\u00e8les<\/a><\/div>\n<\/div>\n<\/div><\/div>\n\n<\/div>\n<\/div>\n<\/div><\/div>\n<\/div>\n<\/div>\n\n<div class=\"gb-container gb-container-67a77e38\">\n<div class=\"gb-grid-wrapper gb-grid-wrapper-ecb43433 column-mobile\">\n<div class=\"gb-grid-column gb-grid-column-77a21e09\"><div class=\"gb-container gb-container-77a21e09\">\n<div class=\"gb-container gb-container-afb2a1e6\">\n\n<h2 class=\"wp-block-heading text-reveal-s\">Une conception et une exp\u00e9rience sans compromis<\/h2>\n\n\n\n<div class=\"wp-block-group text-reveal-s\"><div class=\"wp-block-group__inner-container is-layout-constrained wp-block-group-is-layout-constrained\">\n<p>Chaque mod\u00e8le Renier est n\u00e9 de la cr\u00e9ativit\u00e9 de <strong>Luigi Renier<\/strong>avec une \u00e9quipe de concepteurs et d'ing\u00e9nieurs exp\u00e9riment\u00e9s. <\/p>\n\n\n\n<p>Nous partons de simples croquis sur papier pour arriver \u00e0 des solutions innovantes qui combinent un design distinctif, d'excellentes performances et un confort in\u00e9gal\u00e9. <\/p>\n\n\n\n<p>Notre conception est bas\u00e9e sur une combinaison \u00e9quilibr\u00e9e des \u00e9l\u00e9ments suivants <strong>vision du fondateur<\/strong> et le <strong>le savoir-faire technique d'une \u00e9quipe hautement qualifi\u00e9e<\/strong>.<\/p>\n\n\n\n<ul class=\"wp-block-list\">\n<li><strong>Une collaboration unique<\/strong>Luigi Renier travaille directement avec l'\u00e9quipe technique pour s'assurer que chaque bateau refl\u00e8te sa vision et sa philosophie.<\/li>\n\n\n\n<li><strong>Technologie avanc\u00e9e<\/strong>Nous utilisons les derniers logiciels de conception et de simulation pour optimiser chaque aspect de la construction.<\/li>\n\n\n\n<li><strong>Essais en mer rigoureux<\/strong>Les bateaux sont test\u00e9s en mer afin de garantir leur performance, leur s\u00e9curit\u00e9 et leur fiabilit\u00e9.<\/li>\n<\/ul>\n<\/div><\/div>\n\n\n<div class=\"gb-container gb-container-2406d392 image-container\">\n\n<figure class=\"wp-block-image size-large fade-in-s\"><img loading=\"lazy\" decoding=\"async\" width=\"1024\" height=\"683\" src=\"https:\/\/cantierirenier.com\/wp-content\/uploads\/2024\/09\/527A2648-1024x683.jpg\" alt=\"\" class=\"wp-image-68702\" srcset=\"https:\/\/cantierirenier.com\/wp-content\/uploads\/2024\/09\/527A2648-1024x683.jpg 1024w, https:\/\/cantierirenier.com\/wp-content\/uploads\/2024\/09\/527A2648-300x200.jpg 300w, https:\/\/cantierirenier.com\/wp-content\/uploads\/2024\/09\/527A2648-768x512.jpg 768w, https:\/\/cantierirenier.com\/wp-content\/uploads\/2024\/09\/527A2648-1536x1024.jpg 1536w, https:\/\/cantierirenier.com\/wp-content\/uploads\/2024\/09\/527A2648.jpg 1920w\" sizes=\"auto, (max-width: 1024px) 100vw, 1024px\" \/><\/figure>\n\n<\/div>\n<\/div>\n<\/div><\/div>\n\n<div class=\"gb-grid-column gb-grid-column-011810f2\"><div class=\"gb-container gb-container-011810f2\">\n<div class=\"gb-container gb-container-b9100d73 image-container\">\n<div class=\"wp-block-image fade-in-s\">\n<figure class=\"aligncenter size-large\"><img loading=\"lazy\" decoding=\"async\" width=\"683\" height=\"1024\" src=\"https:\/\/cantierirenier.com\/wp-content\/uploads\/2024\/12\/DSC_9492-scaled-1-683x1024.jpg\" alt=\"\" class=\"wp-image-69167\" srcset=\"https:\/\/cantierirenier.com\/wp-content\/uploads\/2024\/12\/DSC_9492-scaled-1-683x1024.jpg 683w, https:\/\/cantierirenier.com\/wp-content\/uploads\/2024\/12\/DSC_9492-scaled-1-200x300.jpg 200w, https:\/\/cantierirenier.com\/wp-content\/uploads\/2024\/12\/DSC_9492-scaled-1-768x1151.jpg 768w, https:\/\/cantierirenier.com\/wp-content\/uploads\/2024\/12\/DSC_9492-scaled-1-1025x1536.jpg 1025w, https:\/\/cantierirenier.com\/wp-content\/uploads\/2024\/12\/DSC_9492-scaled-1-8x12.jpg 8w, https:\/\/cantierirenier.com\/wp-content\/uploads\/2024\/12\/DSC_9492-scaled-1.jpg 1200w\" sizes=\"auto, (max-width: 683px) 100vw, 683px\" \/><\/figure>\n<\/div>\n<\/div>\n<\/div><\/div>\n<\/div>\n<\/div>","protected":false},"excerpt":{"rendered":"<p>Chantiers navals de Renier<\/p>","protected":false},"author":1,"featured_media":68359,"parent":0,"menu_order":0,"comment_status":"closed","ping_status":"closed","template":"custom\/custom-template.php","meta":{"_acf_changed":false,"footnotes":""},"class_list":["post-7","page","type-page","status-publish","has-post-thumbnail","hentry"],"acf":[],"_links":{"self":[{"href":"https:\/\/cantierirenier.com\/fr\/wp-json\/wp\/v2\/pages\/7","targetHints":{"allow":["GET"]}}],"collection":[{"href":"https:\/\/cantierirenier.com\/fr\/wp-json\/wp\/v2\/pages"}],"about":[{"href":"https:\/\/cantierirenier.com\/fr\/wp-json\/wp\/v2\/types\/page"}],"author":[{"embeddable":true,"href":"https:\/\/cantierirenier.com\/fr\/wp-json\/wp\/v2\/users\/1"}],"replies":[{"embeddable":true,"href":"https:\/\/cantierirenier.com\/fr\/wp-json\/wp\/v2\/comments?post=7"}],"version-history":[{"count":143,"href":"https:\/\/cantierirenier.com\/fr\/wp-json\/wp\/v2\/pages\/7\/revisions"}],"predecessor-version":[{"id":69705,"href":"https:\/\/cantierirenier.com\/fr\/wp-json\/wp\/v2\/pages\/7\/revisions\/69705"}],"wp:featuredmedia":[{"embeddable":true,"href":"https:\/\/cantierirenier.com\/fr\/wp-json\/wp\/v2\/media\/68359"}],"wp:attachment":[{"href":"https:\/\/cantierirenier.com\/fr\/wp-json\/wp\/v2\/media?parent=7"}],"curies":[{"name":"wp","href":"https:\/\/api.w.org\/{rel}","templated":true}]}}