{"id":11,"date":"2024-08-20T16:10:34","date_gmt":"2024-08-20T16:10:34","guid":{"rendered":"http:\/\/localhost:10169\/?page_id=11"},"modified":"2025-04-23T10:52:55","modified_gmt":"2025-04-23T10:52:55","slug":"kiralama","status":"publish","type":"page","link":"https:\/\/cantierirenier.com\/tr\/kiralama\/","title":{"rendered":"Kiralama"},"content":{"rendered":"<div class=\"gb-container gb-container-b965d2d7\">\n<div class=\"gb-grid-wrapper gb-grid-wrapper-8fd56929\">\n<div class=\"gb-grid-column gb-grid-column-a6e046f4\"><div class=\"gb-container gb-container-a6e046f4\">\n<div class=\"gb-container gb-container-4701f9a3\">\n\n<h2 class=\"wp-block-heading\"><strong>Deneyiminizi \u015fu adreste ya\u015fay\u0131n <\/strong>bir Renier teknesinde<\/h2>\n\n<\/div>\n\n\n<p>Renier \u015fi\u015fme botlar\u0131n\u0131n t\u00fcm ayr\u0131cal\u0131klar\u0131 ve tarz\u0131 parmaklar\u0131n\u0131z\u0131n ucunda. Ortaklar\u0131m\u0131zla yapt\u0131\u011f\u0131m\u0131z i\u015fbirli\u011fi sayesinde, kiral\u0131k teknelerimizden birinde denizde unutulmaz bir g\u00fcn\u00fcn tad\u0131n\u0131 \u00e7\u0131karabilirsiniz.<\/p>\n\n\n\n<p>Ve e\u011fer sezon boyunca denizin tad\u0131n\u0131 \u00e7\u0131karmay\u0131 tercih ederseniz. Servisimiz&nbsp;<strong>sezonluk ki\u0307ralama<\/strong>&nbsp;sat\u0131n alma, bak\u0131m\u0131n\u0131 yapma veya saklama endi\u015fesi olmadan her g\u00fcn l\u00fcks bir sandal\u0131n keyfini \u00e7\u0131karma \u00f6zg\u00fcrl\u00fc\u011f\u00fc sunar.<\/p>\n\n\n\n<div style=\"height:35px\" aria-hidden=\"true\" class=\"wp-block-spacer\"><\/div>\n\n\n\n<div class=\"wp-block-buttons button-reveal-s is-layout-flex wp-block-buttons-is-layout-flex\">\n<div class=\"wp-block-button\"><a class=\"wp-block-button__link wp-element-button\" href=\"https:\/\/cantierirenier.com\/tr\/tekne-kiralama\/\">Sezonluk kiralama<\/a><\/div>\n<\/div>\n\n<\/div><\/div>\n\n<div class=\"gb-grid-column gb-grid-column-c5f4e24d\"><div class=\"gb-container gb-container-c5f4e24d image-container\">\n\n<figure class=\"wp-block-image size-large\"><img loading=\"lazy\" decoding=\"async\" width=\"1024\" height=\"683\" src=\"https:\/\/cantierirenier.com\/wp-content\/uploads\/2024\/09\/R9-T-23-1024x683.jpg\" alt=\"\" class=\"wp-image-68276\" srcset=\"https:\/\/cantierirenier.com\/wp-content\/uploads\/2024\/09\/R9-T-23-1024x683.jpg 1024w, https:\/\/cantierirenier.com\/wp-content\/uploads\/2024\/09\/R9-T-23-300x200.jpg 300w, https:\/\/cantierirenier.com\/wp-content\/uploads\/2024\/09\/R9-T-23-768x512.jpg 768w, https:\/\/cantierirenier.com\/wp-content\/uploads\/2024\/09\/R9-T-23-1536x1024.jpg 1536w, https:\/\/cantierirenier.com\/wp-content\/uploads\/2024\/09\/R9-T-23.jpg 1920w\" sizes=\"auto, (max-width: 1024px) 100vw, 1024px\" \/><\/figure>\n\n<\/div><\/div>\n<\/div>\n<\/div>\n\n<div class=\"gb-container gb-container-7f874109 alignwide\">\n<style>\r\n\t#wpsl-stores .wpsl-store-thumb {height:45px !important; width:45px !important;}\r\n\t#wpsl-stores, #wpsl-direction-details, #wpsl-gmap {height:680px !important;}\r\n\t#wpsl-gmap .wpsl-info-window {max-width:225px !important;}\r\n\t.wpsl-input label, #wpsl-radius label, #wpsl-category label {width:150px;}\r\n\t#wpsl-search-input ,#wpsl-category .wpsl-dropdown {width:300px;}\r\n<\/style>\r\n<div id=\"wpsl-wrap\" class=\"wpsl-store-below\">\r\n\t<div id=\"wpsl-result-list\" class=\"store\">\r\n\t<input type=\"text\" placeholder=\"Arama...\" id=\"search_input\" onkeyup=\"filterFunction()\">\r\n\t\t<div id=\"wpsl-stores\" >\r\n\t\t\t<table class=\"noleggio-table\">\n    <thead class=\"noleggio-head\">\n        <tr class=\"table-row show_olny_for_shop\">\n            <th class=\"heading-th\"><div>\u00dclke<\/div><\/th>\n            <th class=\"heading-th\"><div>Konum<\/div><\/th>\n            <th class=\"heading-th\"><div>\u015eirket<\/div><\/th>\n            <th class=\"heading-th\"><div>Telefon<\/div><\/th>\n        <\/tr>\n        <tr class=\"table-row show_olny_for_dealer\">\n            <th class=\"heading-th\"><div>\u00dclke<\/div><\/th>\n            <th class=\"heading-th\"><div>\u015eehirler<\/div><\/th>\n            <th class=\"heading-th\"><div>\u015eirket<\/div><\/th>\n            <th class=\"heading-th\"><div>Telefon<\/div><\/th>\n            <th class=\"heading-th\"><div>E-posta<\/div><\/th>\n        <\/tr>\n    <\/thead><tbody class=\"noleggio-body\">\r\n\t\t\t<\/tbody><\/table>\r\n\t\t<\/div>\r\n\t\t<div id=\"wpsl-direction-details\">\r\n\t\t\t<ul><\/ul>\r\n\t\t<\/div>\r\n\t<\/div>\r\n\t<div id=\"wpsl-gmap\" class=\"wpsl-gmap-canvas\"><\/div>\r\n<\/div>\r\n\n\n<\/div>","protected":false},"excerpt":{"rendered":"","protected":false},"author":1,"featured_media":69337,"parent":0,"menu_order":0,"comment_status":"closed","ping_status":"closed","template":"","meta":{"_acf_changed":false,"footnotes":""},"class_list":["post-11","page","type-page","status-publish","has-post-thumbnail","hentry"],"acf":[],"_links":{"self":[{"href":"https:\/\/cantierirenier.com\/tr\/wp-json\/wp\/v2\/pages\/11","targetHints":{"allow":["GET"]}}],"collection":[{"href":"https:\/\/cantierirenier.com\/tr\/wp-json\/wp\/v2\/pages"}],"about":[{"href":"https:\/\/cantierirenier.com\/tr\/wp-json\/wp\/v2\/types\/page"}],"author":[{"embeddable":true,"href":"https:\/\/cantierirenier.com\/tr\/wp-json\/wp\/v2\/users\/1"}],"replies":[{"embeddable":true,"href":"https:\/\/cantierirenier.com\/tr\/wp-json\/wp\/v2\/comments?post=11"}],"version-history":[{"count":30,"href":"https:\/\/cantierirenier.com\/tr\/wp-json\/wp\/v2\/pages\/11\/revisions"}],"predecessor-version":[{"id":69559,"href":"https:\/\/cantierirenier.com\/tr\/wp-json\/wp\/v2\/pages\/11\/revisions\/69559"}],"wp:featuredmedia":[{"embeddable":true,"href":"https:\/\/cantierirenier.com\/tr\/wp-json\/wp\/v2\/media\/69337"}],"wp:attachment":[{"href":"https:\/\/cantierirenier.com\/tr\/wp-json\/wp\/v2\/media?parent=11"}],"curies":[{"name":"wp","href":"https:\/\/api.w.org\/{rel}","templated":true}]}}