{"id":7,"date":"2024-08-20T16:10:16","date_gmt":"2024-08-20T16:10:16","guid":{"rendered":"http:\/\/localhost:10169\/?page_id=7"},"modified":"2026-01-15T11:01:26","modified_gmt":"2026-01-15T11:01:26","slug":"sirket","status":"publish","type":"page","link":"https:\/\/cantierirenier.com\/tr\/sirket\/","title":{"rendered":"\u015eirket"},"content":{"rendered":"<div class=\"wp-block-cover alignfull is-light has-custom-content-position is-position-bottom-center\" style=\"min-height:55vh;aspect-ratio:unset;\"><img loading=\"lazy\" decoding=\"async\" width=\"1920\" height=\"1068\" class=\"wp-block-cover__image-background wp-image-69701 size-full\" alt=\"\" src=\"https:\/\/cantierirenier.com\/wp-content\/uploads\/2026\/01\/staff-header.jpg\" style=\"object-position:71% 83%\" data-object-fit=\"cover\" data-object-position=\"71% 83%\" srcset=\"https:\/\/cantierirenier.com\/wp-content\/uploads\/2026\/01\/staff-header.jpg 1920w, https:\/\/cantierirenier.com\/wp-content\/uploads\/2026\/01\/staff-header-300x167.jpg 300w, https:\/\/cantierirenier.com\/wp-content\/uploads\/2026\/01\/staff-header-1024x570.jpg 1024w, https:\/\/cantierirenier.com\/wp-content\/uploads\/2026\/01\/staff-header-768x427.jpg 768w, https:\/\/cantierirenier.com\/wp-content\/uploads\/2026\/01\/staff-header-1536x854.jpg 1536w, https:\/\/cantierirenier.com\/wp-content\/uploads\/2026\/01\/staff-header-18x10.jpg 18w\" sizes=\"auto, (max-width: 1920px) 100vw, 1920px\" \/><span aria-hidden=\"true\" class=\"wp-block-cover__background has-black-background-color has-background-dim-10 has-background-dim\"><\/span><div class=\"wp-block-cover__inner-container is-layout-constrained wp-block-cover-is-layout-constrained\"><div class=\"gb-container gb-container-f861960c\">\n\n<h1 class=\"wp-block-heading has-text-align-center text-reveal\"><\/h1>\n\n\n\n<p class=\"has-text-align-center text-reveal\"><\/p>\n\n<\/div><\/div><\/div>\n\n\n<div class=\"gb-container gb-container-f98308f7\">\n<div class=\"gb-grid-wrapper gb-grid-wrapper-e143fbe8\">\n<div class=\"gb-grid-column gb-grid-column-0a7293bc\"><div class=\"gb-container gb-container-0a7293bc text-reveal\">\n<div class=\"gb-container gb-container-b4589410\">\n\n<h2 class=\"wp-block-heading text-reveal\">40 y\u0131ll\u0131k ge\u00e7mi\u015f, yeniliklerle dolu bir gelecek<\/h2>\n\n<\/div>\n\n\n<p class=\"text-reveal\">Deniz i\u00e7in do\u011fu\u015ftan gelen bir tutku \u00fczerine kurulmu\u015ftur, <strong>Renier Tersaneleri<\/strong> 'dan gelen m\u00fckemmellik ve ustal\u0131k gelene\u011fini s\u00fcrd\u00fcrmektedir. <strong>40 y\u0131l\u0131 a\u015fk\u0131n s\u00fcredir<\/strong>.<\/p>\n\n\n\n<p class=\"text-reveal\">Her tekne uzun bir s\u00fcre\u00e7 sonunda ortaya \u00e7\u0131kar. <strong>YEN\u0130L\u0130K<\/strong> e <strong>Adanm\u0131\u015fl\u0131k<\/strong>deneyim ve vizyonunun rehberli\u011finde <strong>Luigi Renier<\/strong>.<\/p>\n\n<\/div><\/div>\n\n<div class=\"gb-grid-column gb-grid-column-4342bf8a\"><div class=\"gb-container gb-container-4342bf8a image-container\">\n\n<figure class=\"wp-block-image size-full fade-in-s\"><img loading=\"lazy\" decoding=\"async\" width=\"1920\" height=\"1279\" src=\"https:\/\/cantierirenier.com\/wp-content\/uploads\/2024\/09\/R10-Cabin-Tourer.jpg\" alt=\"\" class=\"wp-image-68391\" srcset=\"https:\/\/cantierirenier.com\/wp-content\/uploads\/2024\/09\/R10-Cabin-Tourer.jpg 1920w, https:\/\/cantierirenier.com\/wp-content\/uploads\/2024\/09\/R10-Cabin-Tourer-300x200.jpg 300w, https:\/\/cantierirenier.com\/wp-content\/uploads\/2024\/09\/R10-Cabin-Tourer-1024x682.jpg 1024w, https:\/\/cantierirenier.com\/wp-content\/uploads\/2024\/09\/R10-Cabin-Tourer-768x512.jpg 768w, https:\/\/cantierirenier.com\/wp-content\/uploads\/2024\/09\/R10-Cabin-Tourer-1536x1023.jpg 1536w\" sizes=\"auto, (max-width: 1920px) 100vw, 1920px\" \/><\/figure>\n\n<\/div><\/div>\n<\/div>\n<\/div>\n\n<div class=\"gb-container gb-container-45413f45\">\n<div class=\"gb-grid-wrapper gb-grid-wrapper-4e8d0b89\">\n<div class=\"gb-grid-column gb-grid-column-42c505c9\"><div class=\"gb-container gb-container-42c505c9\">\n<div class=\"gb-container gb-container-649e436a image-container\">\n<div class=\"wp-block-image is-style-default fade-in-s\">\n<figure class=\"aligncenter size-full is-resized\"><img loading=\"lazy\" decoding=\"async\" width=\"1920\" height=\"2560\" src=\"https:\/\/cantierirenier.com\/wp-content\/uploads\/2024\/10\/Cantieri-Renier-scaled.jpeg\" alt=\"\" class=\"wp-image-68551\" style=\"aspect-ratio:3\/2;object-fit:cover;width:auto;height:300px\" srcset=\"https:\/\/cantierirenier.com\/wp-content\/uploads\/2024\/10\/Cantieri-Renier-scaled.jpeg 1920w, https:\/\/cantierirenier.com\/wp-content\/uploads\/2024\/10\/Cantieri-Renier-225x300.jpeg 225w, https:\/\/cantierirenier.com\/wp-content\/uploads\/2024\/10\/Cantieri-Renier-768x1024.jpeg 768w, https:\/\/cantierirenier.com\/wp-content\/uploads\/2024\/10\/Cantieri-Renier-1152x1536.jpeg 1152w, https:\/\/cantierirenier.com\/wp-content\/uploads\/2024\/10\/Cantieri-Renier-1536x2048.jpeg 1536w\" sizes=\"auto, (max-width: 1920px) 100vw, 1920px\" \/><\/figure>\n<\/div>\n<\/div>\n\n\n<h3 class=\"wp-block-heading has-text-align-center text-reveal-s\">Deneyim<\/h3>\n\n\n\n<p class=\"has-text-align-center text-reveal-s\">On y\u0131ldan uzun s\u00fcredir faaliyette olan el sanatlar\u0131 \u00fcretimi ile denizcilik sekt\u00f6r\u00fcnde 40 y\u0131l\u0131 a\u015fk\u0131n deneyim.<\/p>\n\n<\/div><\/div>\n\n<div class=\"gb-grid-column gb-grid-column-2399fe1f\"><div class=\"gb-container gb-container-2399fe1f\">\n<div class=\"gb-container gb-container-c4e95bbb image-container\">\n<div class=\"wp-block-image is-style-default fade-in-s\">\n<figure class=\"aligncenter size-large is-resized\"><img loading=\"lazy\" decoding=\"async\" width=\"1024\" height=\"683\" src=\"https:\/\/cantierirenier.com\/wp-content\/uploads\/2024\/08\/527A7599-1024x683.jpg\" alt=\"\" class=\"wp-image-68747\" style=\"aspect-ratio:3\/2;object-fit:cover;width:auto;height:300px\" srcset=\"https:\/\/cantierirenier.com\/wp-content\/uploads\/2024\/08\/527A7599-1024x683.jpg 1024w, https:\/\/cantierirenier.com\/wp-content\/uploads\/2024\/08\/527A7599-300x200.jpg 300w, https:\/\/cantierirenier.com\/wp-content\/uploads\/2024\/08\/527A7599-768x512.jpg 768w, https:\/\/cantierirenier.com\/wp-content\/uploads\/2024\/08\/527A7599-1536x1024.jpg 1536w, https:\/\/cantierirenier.com\/wp-content\/uploads\/2024\/08\/527A7599.jpg 1920w\" sizes=\"auto, (max-width: 1024px) 100vw, 1024px\" \/><\/figure>\n<\/div>\n<\/div>\n\n\n<h3 class=\"wp-block-heading has-text-align-center text-reveal-s\"><strong>\u0130novasyon<\/strong><\/h3>\n\n\n\n<p class=\"has-text-align-center text-reveal-s\">Tasar\u0131m ve \u00fcretimin her a\u015famas\u0131na entegre edilmi\u015f ileri teknolojiler.<\/p>\n\n<\/div><\/div>\n\n<div class=\"gb-grid-column gb-grid-column-9d94a8cc\"><div class=\"gb-container gb-container-9d94a8cc\">\n<div class=\"gb-container gb-container-17614f96 image-container\">\n<div class=\"wp-block-image is-style-default fade-in-s\">\n<figure class=\"aligncenter size-large is-resized\"><img loading=\"lazy\" decoding=\"async\" width=\"768\" height=\"1024\" src=\"https:\/\/cantierirenier.com\/wp-content\/uploads\/2024\/12\/WhatsApp-Image-2024-12-10-at-16.47.55-768x1024.jpeg\" alt=\"\" class=\"wp-image-68929\" style=\"aspect-ratio:3\/2;object-fit:cover;width:auto;height:300px\" srcset=\"https:\/\/cantierirenier.com\/wp-content\/uploads\/2024\/12\/WhatsApp-Image-2024-12-10-at-16.47.55-768x1024.jpeg 768w, https:\/\/cantierirenier.com\/wp-content\/uploads\/2024\/12\/WhatsApp-Image-2024-12-10-at-16.47.55-225x300.jpeg 225w, https:\/\/cantierirenier.com\/wp-content\/uploads\/2024\/12\/WhatsApp-Image-2024-12-10-at-16.47.55-1152x1536.jpeg 1152w, https:\/\/cantierirenier.com\/wp-content\/uploads\/2024\/12\/WhatsApp-Image-2024-12-10-at-16.47.55-1536x2048.jpeg 1536w, https:\/\/cantierirenier.com\/wp-content\/uploads\/2024\/12\/WhatsApp-Image-2024-12-10-at-16.47.55-9x12.jpeg 9w, https:\/\/cantierirenier.com\/wp-content\/uploads\/2024\/12\/WhatsApp-Image-2024-12-10-at-16.47.55-scaled.jpeg 1920w\" sizes=\"auto, (max-width: 768px) 100vw, 768px\" \/><\/figure>\n<\/div>\n<\/div>\n\n\n<h3 class=\"wp-block-heading has-text-align-center text-reveal-s\">Deniz tutkusu<\/h3>\n\n\n\n<p class=\"has-text-align-center text-reveal-s\">Deniz sevgisinden do\u011fan ve ekibimizin her \u00fcyesi taraf\u0131ndan payla\u015f\u0131lan bir felsefe.<\/p>\n\n<\/div><\/div>\n<\/div>\n<\/div>\n\n<div class=\"gb-container gb-container-f445b8ed smooth-img  alignfull\">\n<div class=\"gb-container gb-container-4886b1c9 scroll-images-section\"><\/div>\n<\/div>\n\n<div class=\"gb-container gb-container-24d4edb5\">\n\n<h2 class=\"wp-block-heading has-text-align-center text-reveal-s\">Luigi Renier<\/h2>\n\n\n<div class=\"gb-container gb-container-1fd184f1\">\n\n<p class=\"has-text-align-center\">1976'da Palermo'da do\u011fdu, her zaman denizcilik d\u00fcnyas\u0131n\u0131n i\u00e7indeydi, b\u00fcy\u00fck yelken deneyimine sahip tutkulu bir denizci. Denizcilik sekt\u00f6r\u00fcnde bayi, bir dizi tersane i\u00e7in sat\u0131\u015f m\u00fcd\u00fcr\u00fc, \u00fcnl\u00fc markalar i\u00e7in \u00fcr\u00fcn dan\u0131\u015fman\u0131 olarak \u00e7e\u015fitli kapasitelerde y\u0131llarca \u00e7al\u0131\u015ft\u0131ktan sonra, 2014 y\u0131l\u0131nda zamans\u0131z tasar\u0131ma sahip \u0130konik \u00fcr\u00fcnler yaratmak amac\u0131yla kendi \u015fi\u015fme botlar\u0131n\u0131 \u00fcretmeye karar verdi, m\u00fckemmel g\u00f6vdeler, \u00f6zel, m\u00fckemmel entegre i\u015flevlerle b\u00fcy\u00fck tekne i\u00e7i konforu garanti eder.<\/p>\n\n<\/div>\n<\/div>\n\n<div class=\"gb-container gb-container-a0613acc panel-invert\">\n<div class=\"gb-grid-wrapper gb-grid-wrapper-b7030069\">\n<div class=\"gb-grid-column gb-grid-column-0b6c4859\"><div class=\"gb-container gb-container-0b6c4859 text-reveal\">\n<div class=\"gb-container gb-container-6fc84b40\">\n\n<h2 class=\"wp-block-heading text-reveal-s\">Deneyim ve yenilik aras\u0131nda bir sinerji<\/h2>\n\n<\/div>\n\n\n<p class=\"text-reveal-s\">Cantieri Renier'in g\u00fcc\u00fc, deneyimli tasar\u0131mc\u0131lar, m\u00fchendisler ve zanaatkarlardan olu\u015fan ve hepsi ayn\u0131 ama\u00e7 i\u00e7in bir araya gelmi\u015f bir ekipte yatmaktad\u0131r <strong>deniz tutkusu<\/strong>. <\/p>\n\n\n\n<p class=\"text-reveal-s\">\u015ei\u015fme botlar\u0131m\u0131z\u0131n tasar\u0131m\u0131, a\u015fa\u011f\u0131dakiler aras\u0131nda m\u00fckemmel bir dengenin sonucudur <strong>Luigi Renier'in deneyimi<\/strong>b\u00fcy\u00fck merakl\u0131 ve <strong>tekneleri\u0307n i\u0307lk kullanicisi<\/strong>ve y\u00fcksek nitelikli tasar\u0131mc\u0131 ve m\u00fchendislerin teknik uzmanl\u0131\u011f\u0131.<\/p>\n\n<\/div><\/div>\n\n<div class=\"gb-grid-column gb-grid-column-d11c7a93\"><div class=\"gb-container gb-container-d11c7a93 image-container\">\n\n<figure class=\"wp-block-image size-full fade-in-s\"><img loading=\"lazy\" decoding=\"async\" width=\"1179\" height=\"1478\" src=\"https:\/\/cantierirenier.com\/wp-content\/uploads\/2024\/12\/Cantieri-Renier.jpeg\" alt=\"\" class=\"wp-image-68923\" srcset=\"https:\/\/cantierirenier.com\/wp-content\/uploads\/2024\/12\/Cantieri-Renier.jpeg 1179w, https:\/\/cantierirenier.com\/wp-content\/uploads\/2024\/12\/Cantieri-Renier-239x300.jpeg 239w, https:\/\/cantierirenier.com\/wp-content\/uploads\/2024\/12\/Cantieri-Renier-817x1024.jpeg 817w, https:\/\/cantierirenier.com\/wp-content\/uploads\/2024\/12\/Cantieri-Renier-768x963.jpeg 768w, https:\/\/cantierirenier.com\/wp-content\/uploads\/2024\/12\/Cantieri-Renier-10x12.jpeg 10w\" sizes=\"auto, (max-width: 1179px) 100vw, 1179px\" \/><\/figure>\n\n<\/div><\/div>\n<\/div>\n<\/div>\n\n<div class=\"gb-container gb-container-b46e6d7d\">\n<div class=\"gb-grid-wrapper gb-grid-wrapper-ae655c1a\">\n<div class=\"gb-grid-column gb-grid-column-693db9fc\"><div class=\"gb-container gb-container-693db9fc\">\n<div class=\"gb-container gb-container-46768ceb image-container\">\n\n<figure class=\"wp-block-image size-full fade-in-s\"><img loading=\"lazy\" decoding=\"async\" width=\"1920\" height=\"2560\" src=\"https:\/\/cantierirenier.com\/wp-content\/uploads\/2024\/09\/R11-BR-4.jpg\" alt=\"\" class=\"wp-image-68366\" style=\"object-fit:cover\" srcset=\"https:\/\/cantierirenier.com\/wp-content\/uploads\/2024\/09\/R11-BR-4.jpg 1920w, https:\/\/cantierirenier.com\/wp-content\/uploads\/2024\/09\/R11-BR-4-225x300.jpg 225w, https:\/\/cantierirenier.com\/wp-content\/uploads\/2024\/09\/R11-BR-4-768x1024.jpg 768w, https:\/\/cantierirenier.com\/wp-content\/uploads\/2024\/09\/R11-BR-4-1152x1536.jpg 1152w, https:\/\/cantierirenier.com\/wp-content\/uploads\/2024\/09\/R11-BR-4-1536x2048.jpg 1536w\" sizes=\"auto, (max-width: 1920px) 100vw, 1920px\" \/><\/figure>\n\n<\/div>\n\n<div class=\"gb-container gb-container-dea76ccd image-container\"><\/div>\n\n<div class=\"gb-grid-wrapper gb-grid-wrapper-012c2cca\">\n<div class=\"gb-grid-column gb-grid-column-f40e9f3a\"><div class=\"gb-container gb-container-f40e9f3a image-container\">\n\n<figure class=\"wp-block-image size-full fade-in-s\"><img loading=\"lazy\" decoding=\"async\" width=\"1920\" height=\"1440\" src=\"https:\/\/cantierirenier.com\/wp-content\/uploads\/2024\/08\/IMG_4446.jpeg\" alt=\"\" class=\"wp-image-68736\" style=\"object-fit:cover\" srcset=\"https:\/\/cantierirenier.com\/wp-content\/uploads\/2024\/08\/IMG_4446.jpeg 1920w, https:\/\/cantierirenier.com\/wp-content\/uploads\/2024\/08\/IMG_4446-300x225.jpeg 300w, https:\/\/cantierirenier.com\/wp-content\/uploads\/2024\/08\/IMG_4446-1024x768.jpeg 1024w, https:\/\/cantierirenier.com\/wp-content\/uploads\/2024\/08\/IMG_4446-768x576.jpeg 768w, https:\/\/cantierirenier.com\/wp-content\/uploads\/2024\/08\/IMG_4446-1536x1152.jpeg 1536w\" sizes=\"auto, (max-width: 1920px) 100vw, 1920px\" \/><\/figure>\n\n<\/div><\/div>\n\n<div class=\"gb-grid-column gb-grid-column-ccadd442\"><div class=\"gb-container gb-container-ccadd442 image-container\">\n\n<figure class=\"wp-block-image size-full fade-in-s\"><img loading=\"lazy\" decoding=\"async\" width=\"1920\" height=\"1440\" src=\"https:\/\/cantierirenier.com\/wp-content\/uploads\/2024\/12\/Catieri-Renier-1-1.jpg\" alt=\"\" class=\"wp-image-69001\" style=\"object-fit:cover\" srcset=\"https:\/\/cantierirenier.com\/wp-content\/uploads\/2024\/12\/Catieri-Renier-1-1.jpg 1920w, https:\/\/cantierirenier.com\/wp-content\/uploads\/2024\/12\/Catieri-Renier-1-1-300x225.jpg 300w, https:\/\/cantierirenier.com\/wp-content\/uploads\/2024\/12\/Catieri-Renier-1-1-1024x768.jpg 1024w, https:\/\/cantierirenier.com\/wp-content\/uploads\/2024\/12\/Catieri-Renier-1-1-768x576.jpg 768w, https:\/\/cantierirenier.com\/wp-content\/uploads\/2024\/12\/Catieri-Renier-1-1-1536x1152.jpg 1536w, https:\/\/cantierirenier.com\/wp-content\/uploads\/2024\/12\/Catieri-Renier-1-1-16x12.jpg 16w\" sizes=\"auto, (max-width: 1920px) 100vw, 1920px\" \/><\/figure>\n\n<\/div><\/div>\n<\/div>\n<\/div><\/div>\n\n<div class=\"gb-grid-column gb-grid-column-9959559d\"><div class=\"gb-container gb-container-9959559d\">\n<div class=\"gb-container gb-container-944521c4 image-container\">\n\n<figure class=\"wp-block-image size-full fade-in-s\"><img loading=\"lazy\" decoding=\"async\" width=\"1920\" height=\"1280\" src=\"https:\/\/cantierirenier.com\/wp-content\/uploads\/2024\/08\/527A8050.jpg\" alt=\"\" class=\"wp-image-68764\" srcset=\"https:\/\/cantierirenier.com\/wp-content\/uploads\/2024\/08\/527A8050.jpg 1920w, https:\/\/cantierirenier.com\/wp-content\/uploads\/2024\/08\/527A8050-300x200.jpg 300w, https:\/\/cantierirenier.com\/wp-content\/uploads\/2024\/08\/527A8050-1024x683.jpg 1024w, https:\/\/cantierirenier.com\/wp-content\/uploads\/2024\/08\/527A8050-768x512.jpg 768w, https:\/\/cantierirenier.com\/wp-content\/uploads\/2024\/08\/527A8050-1536x1024.jpg 1536w\" sizes=\"auto, (max-width: 1920px) 100vw, 1920px\" \/><\/figure>\n\n<\/div>\n\n<div class=\"gb-container gb-container-6a97d794\">\n<div class=\"gb-container gb-container-96b7daab\">\n\n<div class=\"wp-block-group text-reveal-s\"><div class=\"wp-block-group__inner-container is-layout-constrained wp-block-group-is-layout-constrained\"><div class=\"gb-container gb-container-f856ba36\">\n\n<h2 class=\"wp-block-heading text-reveal-s\"><strong>Her ayr\u0131nt\u0131da m\u00fckemmellik<\/strong><\/h2>\n\n<\/div>\n\n\n<div class=\"wp-block-group text-reveal-s\"><div class=\"wp-block-group__inner-container is-layout-constrained wp-block-group-is-layout-constrained\">\n<p>Her Renier teknesi a\u015fa\u011f\u0131dakileri sunmak i\u00e7in tasarlanm\u0131\u015ft\u0131r <strong>rakipsiz bir tarama deneyimi<\/strong>. <\/p>\n\n\n\n<p>Misyonumuz, a\u015fa\u011f\u0131dakileri birle\u015ftiren tekneler yaratmakt\u0131r <strong>\u00fcst\u00fcn performans<\/strong>, <strong>konfor<\/strong> e <strong>zarif tasar\u0131m<\/strong>. <\/p>\n\n\n\n<p>Bu ba\u011fl\u0131l\u0131k, bizi di\u011ferlerinden ay\u0131ran el yap\u0131m\u0131 ve ki\u015fiselle\u015ftirilebilir \u00f6z\u00fcm\u00fcz\u00fc korurken s\u00fcre\u00e7lerimizi s\u00fcrekli olarak iyile\u015ftirmeye itiyor.<\/p>\n<\/div><\/div>\n\n\n\n<ul class=\"wp-block-list text-reveal-s\">\n<li><strong>Modern i\u015f\u00e7ilik<\/strong>: Kaliteyi ve detaylara g\u00f6sterilen \u00f6zeni garanti etmek i\u00e7in s\u0131n\u0131rl\u0131 \u00fcretim.<\/li>\n\n\n\n<li><strong>Ismarlama tasar\u0131m<\/strong>: Her m\u00fc\u015fteri teknesini benzersiz k\u0131lmak i\u00e7in \u00f6zelle\u015ftirebilir.<\/li>\n\n\n\n<li><strong>S\u00fcrekli yenilik<\/strong>: Performans\u0131 ve g\u00fcvenilirli\u011fi art\u0131rmak i\u00e7in s\u00fcrekli olarak yeni teknolojilere yat\u0131r\u0131m yap\u0131yoruz.<\/li>\n<\/ul>\n\n\n\n<div style=\"height:30px\" aria-hidden=\"true\" class=\"wp-block-spacer\"><\/div>\n\n\n\n<div class=\"wp-block-buttons button-reveal-s is-layout-flex wp-block-buttons-is-layout-flex\">\n<div class=\"wp-block-button s-button\"><a class=\"wp-block-button__link wp-element-button\" href=\"\/tr\/model\/\">Modellerimiz<\/a><\/div>\n<\/div>\n<\/div><\/div>\n\n<\/div>\n<\/div>\n<\/div><\/div>\n<\/div>\n<\/div>\n\n<div class=\"gb-container gb-container-67a77e38\">\n<div class=\"gb-grid-wrapper gb-grid-wrapper-ecb43433 column-mobile\">\n<div class=\"gb-grid-column gb-grid-column-77a21e09\"><div class=\"gb-container gb-container-77a21e09\">\n<div class=\"gb-container gb-container-afb2a1e6\">\n\n<h2 class=\"wp-block-heading text-reveal-s\">\u00d6d\u00fcn vermeyen tasar\u0131m ve deneyim<\/h2>\n\n\n\n<div class=\"wp-block-group text-reveal-s\"><div class=\"wp-block-group__inner-container is-layout-constrained wp-block-group-is-layout-constrained\">\n<p>Her bir Renier modeli, tasar\u0131mc\u0131lar\u0131n yarat\u0131c\u0131l\u0131\u011f\u0131ndan do\u011far. <strong>Luigi Renier<\/strong>deneyimli tasar\u0131mc\u0131 ve m\u00fchendislerden olu\u015fan bir ekiple birlikte. <\/p>\n\n\n\n<p>Ka\u011f\u0131t \u00fczerindeki basit eskizlerden yola \u00e7\u0131k\u0131yor ve \u00f6zg\u00fcn tasar\u0131m, m\u00fckemmel performans ve benzersiz konforu bir araya getiren yenilik\u00e7i \u00e7\u00f6z\u00fcmlere ula\u015f\u0131yoruz. <\/p>\n\n\n\n<p>Tasar\u0131m\u0131m\u0131z, a\u015fa\u011f\u0131dakilerin dengeli bir kar\u0131\u015f\u0131m\u0131na dayanmaktad\u0131r <strong>kurucunun vi\u0307zyonu<\/strong> ve <strong>y\u00fcksek nitelikli bir ekibin teknik bilgi birikimi<\/strong>.<\/p>\n\n\n\n<ul class=\"wp-block-list\">\n<li><strong>Benzersiz i\u015fbirli\u011fi<\/strong>Luigi Renier, her teknenin kendi vizyonunu ve felsefesini yans\u0131tmas\u0131n\u0131 sa\u011flamak i\u00e7in do\u011frudan teknik ekiple birlikte \u00e7al\u0131\u015f\u0131yor.<\/li>\n\n\n\n<li><strong>\u0130leri teknoloji<\/strong>\u0130n\u015faat\u0131n her y\u00f6n\u00fcn\u00fc optimize etmek i\u00e7in en yeni tasar\u0131m ve sim\u00fclasyon yaz\u0131l\u0131mlar\u0131n\u0131 kullan\u0131yoruz.<\/li>\n\n\n\n<li><strong>Titiz deniz denemeleri<\/strong>: Her tekne, performans, g\u00fcvenlik ve g\u00fcvenilirlik sa\u011flamak i\u00e7in denizde kapsaml\u0131 bir \u015fekilde test edilir.<\/li>\n<\/ul>\n<\/div><\/div>\n\n\n<div class=\"gb-container gb-container-2406d392 image-container\">\n\n<figure class=\"wp-block-image size-large fade-in-s\"><img loading=\"lazy\" decoding=\"async\" width=\"1024\" height=\"683\" src=\"https:\/\/cantierirenier.com\/wp-content\/uploads\/2024\/09\/527A2648-1024x683.jpg\" alt=\"\" class=\"wp-image-68702\" srcset=\"https:\/\/cantierirenier.com\/wp-content\/uploads\/2024\/09\/527A2648-1024x683.jpg 1024w, https:\/\/cantierirenier.com\/wp-content\/uploads\/2024\/09\/527A2648-300x200.jpg 300w, https:\/\/cantierirenier.com\/wp-content\/uploads\/2024\/09\/527A2648-768x512.jpg 768w, https:\/\/cantierirenier.com\/wp-content\/uploads\/2024\/09\/527A2648-1536x1024.jpg 1536w, https:\/\/cantierirenier.com\/wp-content\/uploads\/2024\/09\/527A2648.jpg 1920w\" sizes=\"auto, (max-width: 1024px) 100vw, 1024px\" \/><\/figure>\n\n<\/div>\n<\/div>\n<\/div><\/div>\n\n<div class=\"gb-grid-column gb-grid-column-011810f2\"><div class=\"gb-container gb-container-011810f2\">\n<div class=\"gb-container gb-container-b9100d73 image-container\">\n<div class=\"wp-block-image fade-in-s\">\n<figure class=\"aligncenter size-large\"><img loading=\"lazy\" decoding=\"async\" width=\"683\" height=\"1024\" src=\"https:\/\/cantierirenier.com\/wp-content\/uploads\/2024\/12\/DSC_9492-scaled-1-683x1024.jpg\" alt=\"\" class=\"wp-image-69167\" srcset=\"https:\/\/cantierirenier.com\/wp-content\/uploads\/2024\/12\/DSC_9492-scaled-1-683x1024.jpg 683w, https:\/\/cantierirenier.com\/wp-content\/uploads\/2024\/12\/DSC_9492-scaled-1-200x300.jpg 200w, https:\/\/cantierirenier.com\/wp-content\/uploads\/2024\/12\/DSC_9492-scaled-1-768x1151.jpg 768w, https:\/\/cantierirenier.com\/wp-content\/uploads\/2024\/12\/DSC_9492-scaled-1-1025x1536.jpg 1025w, https:\/\/cantierirenier.com\/wp-content\/uploads\/2024\/12\/DSC_9492-scaled-1-8x12.jpg 8w, https:\/\/cantierirenier.com\/wp-content\/uploads\/2024\/12\/DSC_9492-scaled-1.jpg 1200w\" sizes=\"auto, (max-width: 683px) 100vw, 683px\" \/><\/figure>\n<\/div>\n<\/div>\n<\/div><\/div>\n<\/div>\n<\/div>","protected":false},"excerpt":{"rendered":"<p>Renier Tersaneleri<\/p>","protected":false},"author":1,"featured_media":68359,"parent":0,"menu_order":0,"comment_status":"closed","ping_status":"closed","template":"custom\/custom-template.php","meta":{"_acf_changed":false,"footnotes":""},"class_list":["post-7","page","type-page","status-publish","has-post-thumbnail","hentry"],"acf":[],"_links":{"self":[{"href":"https:\/\/cantierirenier.com\/tr\/wp-json\/wp\/v2\/pages\/7","targetHints":{"allow":["GET"]}}],"collection":[{"href":"https:\/\/cantierirenier.com\/tr\/wp-json\/wp\/v2\/pages"}],"about":[{"href":"https:\/\/cantierirenier.com\/tr\/wp-json\/wp\/v2\/types\/page"}],"author":[{"embeddable":true,"href":"https:\/\/cantierirenier.com\/tr\/wp-json\/wp\/v2\/users\/1"}],"replies":[{"embeddable":true,"href":"https:\/\/cantierirenier.com\/tr\/wp-json\/wp\/v2\/comments?post=7"}],"version-history":[{"count":143,"href":"https:\/\/cantierirenier.com\/tr\/wp-json\/wp\/v2\/pages\/7\/revisions"}],"predecessor-version":[{"id":69705,"href":"https:\/\/cantierirenier.com\/tr\/wp-json\/wp\/v2\/pages\/7\/revisions\/69705"}],"wp:featuredmedia":[{"embeddable":true,"href":"https:\/\/cantierirenier.com\/tr\/wp-json\/wp\/v2\/media\/68359"}],"wp:attachment":[{"href":"https:\/\/cantierirenier.com\/tr\/wp-json\/wp\/v2\/media?parent=7"}],"curies":[{"name":"wp","href":"https:\/\/api.w.org\/{rel}","templated":true}]}}